{"id":653,"date":"2022-04-14T13:34:20","date_gmt":"2022-04-14T11:34:20","guid":{"rendered":"https:\/\/ferienhof-wachtelberg.de\/?page_id=653"},"modified":"2023-03-15T21:41:44","modified_gmt":"2023-03-15T20:41:44","slug":"bert","status":"publish","type":"page","link":"https:\/\/ferienhof-wachtelberg.de\/?page_id=653","title":{"rendered":"Bauwagen Berti"},"content":{"rendered":"<div id=\"pl-gb653-69e0f5983e124\"  class=\"panel-layout\" ><div id=\"pg-gb653-69e0f5983e124-0\"  class=\"panel-grid panel-no-style\" ><div id=\"pgc-gb653-69e0f5983e124-0-0\"  class=\"panel-grid-cell\" ><div id=\"panel-gb653-69e0f5983e124-0-0-0\" class=\"so-panel widget widget_media_image panel-first-child panel-last-child\" data-index=\"0\" ><img width=\"1200\" height=\"820\" src=\"https:\/\/ferienhof-wachtelberg.de\/wp-content\/uploads\/2019\/07\/bauwagen.jpg\" class=\"image wp-image-86  attachment-full size-full\" alt=\"\" decoding=\"async\" loading=\"lazy\" style=\"max-width: 100%; height: auto;\" srcset=\"https:\/\/ferienhof-wachtelberg.de\/wp-content\/uploads\/2019\/07\/bauwagen.jpg 1200w, https:\/\/ferienhof-wachtelberg.de\/wp-content\/uploads\/2019\/07\/bauwagen-300x205.jpg 300w, https:\/\/ferienhof-wachtelberg.de\/wp-content\/uploads\/2019\/07\/bauwagen-768x525.jpg 768w, https:\/\/ferienhof-wachtelberg.de\/wp-content\/uploads\/2019\/07\/bauwagen-1024x700.jpg 1024w\" sizes=\"100vw\" \/><\/div><\/div><\/div><div id=\"pg-gb653-69e0f5983e124-1\"  class=\"panel-grid panel-no-style\" ><div id=\"pgc-gb653-69e0f5983e124-1-0\"  class=\"panel-grid-cell\" ><div id=\"panel-gb653-69e0f5983e124-1-0-0\" class=\"so-panel widget widget_media_image panel-first-child panel-last-child\" data-index=\"1\" ><img width=\"525\" height=\"700\" src=\"https:\/\/ferienhof-wachtelberg.de\/wp-content\/uploads\/2023\/03\/Berti_Grundriss-768x1024.jpg\" class=\"image wp-image-951  attachment-large size-large\" alt=\"\" decoding=\"async\" loading=\"lazy\" style=\"max-width: 100%; height: auto;\" srcset=\"https:\/\/ferienhof-wachtelberg.de\/wp-content\/uploads\/2023\/03\/Berti_Grundriss-768x1024.jpg 768w, https:\/\/ferienhof-wachtelberg.de\/wp-content\/uploads\/2023\/03\/Berti_Grundriss-225x300.jpg 225w, https:\/\/ferienhof-wachtelberg.de\/wp-content\/uploads\/2023\/03\/Berti_Grundriss-1152x1536.jpg 1152w, https:\/\/ferienhof-wachtelberg.de\/wp-content\/uploads\/2023\/03\/Berti_Grundriss-1536x2048.jpg 1536w, https:\/\/ferienhof-wachtelberg.de\/wp-content\/uploads\/2023\/03\/Berti_Grundriss-scaled.jpg 1920w\" sizes=\"100vw\" \/><\/div><\/div><div id=\"pgc-gb653-69e0f5983e124-1-1\"  class=\"panel-grid-cell\" ><div class=\"panel-cell-style panel-cell-style-for-gb653-69e0f5983e124-1-1\" ><div id=\"panel-gb653-69e0f5983e124-1-1-0\" class=\"so-panel widget widget_sow-editor panel-first-child panel-last-child\" data-index=\"2\" ><div\n\t\t\t\n\t\t\tclass=\"so-widget-sow-editor so-widget-sow-editor-base\"\n\t\t\t\n\t\t>\n<div class=\"siteorigin-widget-tinymce textwidget\">\n\t<h1>Bauwagen Berti<\/h1>\n<p>Berti ist unsere Errungenschaft. Er wurde komplett renoviert. Eine neue K\u00fcche, ein Doppelbett 160er Breite, neuer Boden, neue W\u00e4nde und neue Fenster. Zus\u00e4tzlich haben wir beim Bauen der ersten Terrasse gemerkt, dass eine zweite Terrasse einfach besser ist. Von dieser zweiten erh\u00f6hten Terrasse kann man den Sonnenuntergang in erster Reihe genie\u00dfen. Es kommt schon vor, dass ein Reh beim Essen \u00fcber den Zaun guckt. N\u00e4her an der Natur geht nicht. Es gibt zwei komplett neue Badezimmer mit Dusche und WC. Es steht eine Outdoorabwasch M\u00f6glichkeit in n\u00e4chster N\u00e4he zum Bauwagen.<\/p>\n<\/div>\n<\/div><\/div><\/div><\/div><\/div><div id=\"pg-gb653-69e0f5983e124-2\"  class=\"panel-grid panel-no-style\" ><div id=\"pgc-gb653-69e0f5983e124-2-0\"  class=\"panel-grid-cell panel-grid-cell-empty\" ><\/div><\/div><\/div>\n\n\n<figure class=\"wp-block-gallery columns-3 is-cropped wp-block-gallery-1 is-layout-flex\"><ul class=\"blocks-gallery-grid\"><li class=\"blocks-gallery-item\"><figure><img decoding=\"async\" loading=\"lazy\" width=\"767\" height=\"576\" src=\"https:\/\/ferienhof-wachtelberg.de\/wp-content\/uploads\/2022\/04\/Bert08.jpg\" alt=\"\" data-id=\"687\" data-full-url=\"https:\/\/ferienhof-wachtelberg.de\/wp-content\/uploads\/2022\/04\/Bert08.jpg\" data-link=\"https:\/\/ferienhof-wachtelberg.de\/?attachment_id=687\" class=\"wp-image-687\" srcset=\"https:\/\/ferienhof-wachtelberg.de\/wp-content\/uploads\/2022\/04\/Bert08.jpg 767w, https:\/\/ferienhof-wachtelberg.de\/wp-content\/uploads\/2022\/04\/Bert08-300x225.jpg 300w\" sizes=\"(max-width: 706px) 89vw, (max-width: 767px) 82vw, 740px\" \/><\/figure><\/li><li class=\"blocks-gallery-item\"><figure><img decoding=\"async\" loading=\"lazy\" width=\"1024\" height=\"768\" src=\"https:\/\/ferienhof-wachtelberg.de\/wp-content\/uploads\/2022\/04\/Bert07.jpg\" alt=\"\" data-id=\"686\" data-full-url=\"https:\/\/ferienhof-wachtelberg.de\/wp-content\/uploads\/2022\/04\/Bert07.jpg\" data-link=\"https:\/\/ferienhof-wachtelberg.de\/?attachment_id=686\" class=\"wp-image-686\" srcset=\"https:\/\/ferienhof-wachtelberg.de\/wp-content\/uploads\/2022\/04\/Bert07.jpg 1024w, https:\/\/ferienhof-wachtelberg.de\/wp-content\/uploads\/2022\/04\/Bert07-300x225.jpg 300w, https:\/\/ferienhof-wachtelberg.de\/wp-content\/uploads\/2022\/04\/Bert07-768x576.jpg 768w\" sizes=\"(max-width: 706px) 89vw, (max-width: 767px) 82vw, 740px\" \/><\/figure><\/li><li class=\"blocks-gallery-item\"><figure><img decoding=\"async\" loading=\"lazy\" width=\"1024\" height=\"768\" src=\"https:\/\/ferienhof-wachtelberg.de\/wp-content\/uploads\/2022\/04\/Bert06.jpg\" alt=\"\" data-id=\"685\" data-full-url=\"https:\/\/ferienhof-wachtelberg.de\/wp-content\/uploads\/2022\/04\/Bert06.jpg\" data-link=\"https:\/\/ferienhof-wachtelberg.de\/?attachment_id=685\" class=\"wp-image-685\" srcset=\"https:\/\/ferienhof-wachtelberg.de\/wp-content\/uploads\/2022\/04\/Bert06.jpg 1024w, https:\/\/ferienhof-wachtelberg.de\/wp-content\/uploads\/2022\/04\/Bert06-300x225.jpg 300w, https:\/\/ferienhof-wachtelberg.de\/wp-content\/uploads\/2022\/04\/Bert06-768x576.jpg 768w\" sizes=\"(max-width: 706px) 89vw, (max-width: 767px) 82vw, 740px\" \/><\/figure><\/li><li class=\"blocks-gallery-item\"><figure><img decoding=\"async\" loading=\"lazy\" width=\"768\" height=\"575\" src=\"https:\/\/ferienhof-wachtelberg.de\/wp-content\/uploads\/2022\/04\/Bert05.jpg\" alt=\"\" data-id=\"684\" data-full-url=\"https:\/\/ferienhof-wachtelberg.de\/wp-content\/uploads\/2022\/04\/Bert05.jpg\" data-link=\"https:\/\/ferienhof-wachtelberg.de\/?attachment_id=684\" class=\"wp-image-684\" srcset=\"https:\/\/ferienhof-wachtelberg.de\/wp-content\/uploads\/2022\/04\/Bert05.jpg 768w, https:\/\/ferienhof-wachtelberg.de\/wp-content\/uploads\/2022\/04\/Bert05-300x225.jpg 300w\" sizes=\"(max-width: 706px) 89vw, (max-width: 767px) 82vw, 740px\" \/><\/figure><\/li><li class=\"blocks-gallery-item\"><figure><img decoding=\"async\" loading=\"lazy\" width=\"768\" height=\"575\" src=\"https:\/\/ferienhof-wachtelberg.de\/wp-content\/uploads\/2022\/04\/Bert04.jpg\" alt=\"\" data-id=\"683\" data-full-url=\"https:\/\/ferienhof-wachtelberg.de\/wp-content\/uploads\/2022\/04\/Bert04.jpg\" data-link=\"https:\/\/ferienhof-wachtelberg.de\/?attachment_id=683\" class=\"wp-image-683\" srcset=\"https:\/\/ferienhof-wachtelberg.de\/wp-content\/uploads\/2022\/04\/Bert04.jpg 768w, https:\/\/ferienhof-wachtelberg.de\/wp-content\/uploads\/2022\/04\/Bert04-300x225.jpg 300w\" sizes=\"(max-width: 706px) 89vw, (max-width: 767px) 82vw, 740px\" \/><\/figure><\/li><li class=\"blocks-gallery-item\"><figure><img decoding=\"async\" loading=\"lazy\" width=\"768\" height=\"576\" src=\"https:\/\/ferienhof-wachtelberg.de\/wp-content\/uploads\/2022\/04\/Bert03.jpg\" alt=\"\" data-id=\"682\" data-full-url=\"https:\/\/ferienhof-wachtelberg.de\/wp-content\/uploads\/2022\/04\/Bert03.jpg\" data-link=\"https:\/\/ferienhof-wachtelberg.de\/?attachment_id=682\" class=\"wp-image-682\" srcset=\"https:\/\/ferienhof-wachtelberg.de\/wp-content\/uploads\/2022\/04\/Bert03.jpg 768w, https:\/\/ferienhof-wachtelberg.de\/wp-content\/uploads\/2022\/04\/Bert03-300x225.jpg 300w\" sizes=\"(max-width: 706px) 89vw, (max-width: 767px) 82vw, 740px\" \/><\/figure><\/li><li class=\"blocks-gallery-item\"><figure><img decoding=\"async\" loading=\"lazy\" width=\"1024\" height=\"768\" src=\"https:\/\/ferienhof-wachtelberg.de\/wp-content\/uploads\/2022\/04\/Bert02-1024x768.jpg\" alt=\"\" data-id=\"681\" data-full-url=\"https:\/\/ferienhof-wachtelberg.de\/wp-content\/uploads\/2022\/04\/Bert02.jpg\" data-link=\"https:\/\/ferienhof-wachtelberg.de\/?attachment_id=681\" class=\"wp-image-681\" srcset=\"https:\/\/ferienhof-wachtelberg.de\/wp-content\/uploads\/2022\/04\/Bert02-1024x768.jpg 1024w, https:\/\/ferienhof-wachtelberg.de\/wp-content\/uploads\/2022\/04\/Bert02-300x225.jpg 300w, https:\/\/ferienhof-wachtelberg.de\/wp-content\/uploads\/2022\/04\/Bert02-768x576.jpg 768w, https:\/\/ferienhof-wachtelberg.de\/wp-content\/uploads\/2022\/04\/Bert02.jpg 1534w\" sizes=\"(max-width: 706px) 89vw, (max-width: 767px) 82vw, 740px\" \/><\/figure><\/li><li class=\"blocks-gallery-item\"><figure><img decoding=\"async\" loading=\"lazy\" width=\"767\" height=\"548\" src=\"https:\/\/ferienhof-wachtelberg.de\/wp-content\/uploads\/2022\/04\/Bert01.jpg\" alt=\"\" data-id=\"680\" data-full-url=\"https:\/\/ferienhof-wachtelberg.de\/wp-content\/uploads\/2022\/04\/Bert01.jpg\" data-link=\"https:\/\/ferienhof-wachtelberg.de\/?attachment_id=680\" class=\"wp-image-680\" srcset=\"https:\/\/ferienhof-wachtelberg.de\/wp-content\/uploads\/2022\/04\/Bert01.jpg 767w, https:\/\/ferienhof-wachtelberg.de\/wp-content\/uploads\/2022\/04\/Bert01-300x214.jpg 300w\" sizes=\"(max-width: 706px) 89vw, (max-width: 767px) 82vw, 740px\" \/><\/figure><\/li><\/ul><\/figure>\n","protected":false},"excerpt":{"rendered":"<p>Bauwagen Berti Berti ist unsere Errungenschaft. Er wurde komplett renoviert. Eine neue K\u00fcche, ein Doppelbett 160er Breite, neuer Boden, neue W\u00e4nde und neue Fenster. Zus\u00e4tzlich haben wir beim Bauen der ersten Terrasse gemerkt, dass eine zweite Terrasse einfach besser ist. Von dieser zweiten erh\u00f6hten Terrasse kann man den Sonnenuntergang in erster Reihe genie\u00dfen. Es kommt &hellip; <\/p>\n<p class=\"link-more\"><a href=\"https:\/\/ferienhof-wachtelberg.de\/?page_id=653\" class=\"more-link\"><span class=\"screen-reader-text\">\u201eBauwagen Berti\u201c<\/span> weiterlesen<\/a><\/p>\n","protected":false},"author":1,"featured_media":0,"parent":0,"menu_order":0,"comment_status":"closed","ping_status":"closed","template":"","meta":[],"_links":{"self":[{"href":"https:\/\/ferienhof-wachtelberg.de\/index.php?rest_route=\/wp\/v2\/pages\/653"}],"collection":[{"href":"https:\/\/ferienhof-wachtelberg.de\/index.php?rest_route=\/wp\/v2\/pages"}],"about":[{"href":"https:\/\/ferienhof-wachtelberg.de\/index.php?rest_route=\/wp\/v2\/types\/page"}],"author":[{"embeddable":true,"href":"https:\/\/ferienhof-wachtelberg.de\/index.php?rest_route=\/wp\/v2\/users\/1"}],"replies":[{"embeddable":true,"href":"https:\/\/ferienhof-wachtelberg.de\/index.php?rest_route=%2Fwp%2Fv2%2Fcomments&post=653"}],"version-history":[{"count":23,"href":"https:\/\/ferienhof-wachtelberg.de\/index.php?rest_route=\/wp\/v2\/pages\/653\/revisions"}],"predecessor-version":[{"id":964,"href":"https:\/\/ferienhof-wachtelberg.de\/index.php?rest_route=\/wp\/v2\/pages\/653\/revisions\/964"}],"wp:attachment":[{"href":"https:\/\/ferienhof-wachtelberg.de\/index.php?rest_route=%2Fwp%2Fv2%2Fmedia&parent=653"}],"curies":[{"name":"wp","href":"https:\/\/api.w.org\/{rel}","templated":true}]}}