{"id":42,"date":"2019-07-15T22:38:53","date_gmt":"2019-07-15T20:38:53","guid":{"rendered":"http:\/\/corade.com\/ferienhof\/?page_id=42"},"modified":"2022-10-21T12:53:11","modified_gmt":"2022-10-21T10:53:11","slug":"bauwagen","status":"publish","type":"page","link":"https:\/\/ferienhof-wachtelberg.de\/?page_id=42","title":{"rendered":"Bauwagen"},"content":{"rendered":"<div id=\"pl-42\"  class=\"panel-layout\" ><div id=\"pg-42-0\"  class=\"panel-grid panel-no-style\" ><div id=\"pgc-42-0-0\"  class=\"panel-grid-cell\" ><div id=\"panel-42-0-0-0\" class=\"so-panel widget widget_media_image panel-first-child panel-last-child\" data-index=\"0\" ><img width=\"1200\" height=\"820\" src=\"https:\/\/ferienhof-wachtelberg.de\/wp-content\/uploads\/2019\/07\/bauwagen.jpg\" class=\"image wp-image-86  attachment-full size-full\" alt=\"\" decoding=\"async\" loading=\"lazy\" style=\"max-width: 100%; height: auto;\" srcset=\"https:\/\/ferienhof-wachtelberg.de\/wp-content\/uploads\/2019\/07\/bauwagen.jpg 1200w, https:\/\/ferienhof-wachtelberg.de\/wp-content\/uploads\/2019\/07\/bauwagen-300x205.jpg 300w, https:\/\/ferienhof-wachtelberg.de\/wp-content\/uploads\/2019\/07\/bauwagen-768x525.jpg 768w, https:\/\/ferienhof-wachtelberg.de\/wp-content\/uploads\/2019\/07\/bauwagen-1024x700.jpg 1024w\" sizes=\"100vw\" \/><\/div><\/div><\/div><div id=\"pg-42-1\"  class=\"panel-grid panel-no-style\" ><div id=\"pgc-42-1-0\"  class=\"panel-grid-cell\" ><div id=\"panel-42-1-0-0\" class=\"so-panel widget widget_media_image panel-first-child panel-last-child\" data-index=\"1\" ><img width=\"840\" height=\"560\" src=\"https:\/\/ferienhof-wachtelberg.de\/wp-content\/uploads\/2020\/01\/slider-bauwagen-00.jpg\" class=\"image wp-image-483  attachment-full size-full\" alt=\"\" decoding=\"async\" loading=\"lazy\" style=\"max-width: 100%; height: auto;\" srcset=\"https:\/\/ferienhof-wachtelberg.de\/wp-content\/uploads\/2020\/01\/slider-bauwagen-00.jpg 840w, https:\/\/ferienhof-wachtelberg.de\/wp-content\/uploads\/2020\/01\/slider-bauwagen-00-300x200.jpg 300w, https:\/\/ferienhof-wachtelberg.de\/wp-content\/uploads\/2020\/01\/slider-bauwagen-00-768x512.jpg 768w, https:\/\/ferienhof-wachtelberg.de\/wp-content\/uploads\/2020\/01\/slider-bauwagen-00-272x182.jpg 272w\" sizes=\"100vw\" \/><\/div><\/div><div id=\"pgc-42-1-1\"  class=\"panel-grid-cell\" ><div class=\"panel-cell-style panel-cell-style-for-42-1-1\" ><div id=\"panel-42-1-1-0\" class=\"so-panel widget widget_sow-editor panel-first-child panel-last-child\" data-index=\"2\" ><div\n\t\t\t\n\t\t\tclass=\"so-widget-sow-editor so-widget-sow-editor-base\"\n\t\t\t\n\t\t>\n<div class=\"siteorigin-widget-tinymce textwidget\">\n\t<h1>Bauwagen Willy<\/h1>\n<p>Weitere Infos zu den Bauwagen Wilma &amp; Bert folgen in K\u00fcrze.<\/p>\n<p>Unser Bauwagen ist ein Highlight f\u00fcr 2 Personen.<br \/>\nTinyhousefeeling auf kleinestem Raum, perfekt genutzt und wundersch\u00f6n. Die K\u00fcche ist ausgestattet mit allem was man ben\u00f6tigt, hat einen K\u00fchlschrank und eine Kochgelegenheit. Abgewaschen werden kann in der kleinen Outdoorzeile direkt gegen\u00fcber. Dort gibt es Platz und heisses Wasser. Das Badezimmer ist nur wenige Meter vom Bauwagen im Haus.<br \/>\nDie gro\u00dfe Terrasse l\u00e4dt zum grillen und chillen ein.<br \/>\nHallo Sommer, hallo Lieblingsinsel!<\/p>\n<\/div>\n<\/div><\/div><\/div><\/div><\/div><div id=\"pg-42-2\"  class=\"panel-grid panel-no-style\" ><div id=\"pgc-42-2-0\"  class=\"panel-grid-cell\" ><div id=\"panel-42-2-0-0\" class=\"so-panel widget widget_media_gallery panel-first-child panel-last-child\" data-index=\"3\" ><div id='gallery-1' class='gallery galleryid-42 gallery-columns-3 gallery-size-large'><figure class='gallery-item'>\n\t\t\t<div class='gallery-icon landscape'>\n\t\t\t\t<img width=\"525\" height=\"351\" src=\"https:\/\/ferienhof-wachtelberg.de\/wp-content\/uploads\/2022\/10\/Willydraussen-1024x684.jpg\" class=\"attachment-large size-large\" alt=\"\" decoding=\"async\" loading=\"lazy\" srcset=\"https:\/\/ferienhof-wachtelberg.de\/wp-content\/uploads\/2022\/10\/Willydraussen-1024x684.jpg 1024w, https:\/\/ferienhof-wachtelberg.de\/wp-content\/uploads\/2022\/10\/Willydraussen-300x200.jpg 300w, https:\/\/ferienhof-wachtelberg.de\/wp-content\/uploads\/2022\/10\/Willydraussen-768x513.jpg 768w, https:\/\/ferienhof-wachtelberg.de\/wp-content\/uploads\/2022\/10\/Willydraussen-1536x1025.jpg 1536w, https:\/\/ferienhof-wachtelberg.de\/wp-content\/uploads\/2022\/10\/Willydraussen-2048x1367.jpg 2048w, https:\/\/ferienhof-wachtelberg.de\/wp-content\/uploads\/2022\/10\/Willydraussen-272x182.jpg 272w\" sizes=\"100vw\" \/>\n\t\t\t<\/div><\/figure><figure class='gallery-item'>\n\t\t\t<div class='gallery-icon landscape'>\n\t\t\t\t<img width=\"525\" height=\"351\" src=\"https:\/\/ferienhof-wachtelberg.de\/wp-content\/uploads\/2022\/10\/Willydraussen2-1024x684.jpg\" class=\"attachment-large size-large\" alt=\"\" decoding=\"async\" loading=\"lazy\" srcset=\"https:\/\/ferienhof-wachtelberg.de\/wp-content\/uploads\/2022\/10\/Willydraussen2-1024x684.jpg 1024w, https:\/\/ferienhof-wachtelberg.de\/wp-content\/uploads\/2022\/10\/Willydraussen2-300x200.jpg 300w, https:\/\/ferienhof-wachtelberg.de\/wp-content\/uploads\/2022\/10\/Willydraussen2-768x513.jpg 768w, https:\/\/ferienhof-wachtelberg.de\/wp-content\/uploads\/2022\/10\/Willydraussen2-1536x1025.jpg 1536w, https:\/\/ferienhof-wachtelberg.de\/wp-content\/uploads\/2022\/10\/Willydraussen2-2048x1367.jpg 2048w, https:\/\/ferienhof-wachtelberg.de\/wp-content\/uploads\/2022\/10\/Willydraussen2-272x182.jpg 272w\" sizes=\"100vw\" \/>\n\t\t\t<\/div><\/figure><figure class='gallery-item'>\n\t\t\t<div class='gallery-icon landscape'>\n\t\t\t\t<img width=\"525\" height=\"351\" src=\"https:\/\/ferienhof-wachtelberg.de\/wp-content\/uploads\/2022\/10\/Willydraussen3-1024x684.jpg\" class=\"attachment-large size-large\" alt=\"\" decoding=\"async\" loading=\"lazy\" srcset=\"https:\/\/ferienhof-wachtelberg.de\/wp-content\/uploads\/2022\/10\/Willydraussen3-1024x684.jpg 1024w, https:\/\/ferienhof-wachtelberg.de\/wp-content\/uploads\/2022\/10\/Willydraussen3-300x200.jpg 300w, https:\/\/ferienhof-wachtelberg.de\/wp-content\/uploads\/2022\/10\/Willydraussen3-768x513.jpg 768w, https:\/\/ferienhof-wachtelberg.de\/wp-content\/uploads\/2022\/10\/Willydraussen3-1536x1025.jpg 1536w, https:\/\/ferienhof-wachtelberg.de\/wp-content\/uploads\/2022\/10\/Willydraussen3-2048x1367.jpg 2048w, https:\/\/ferienhof-wachtelberg.de\/wp-content\/uploads\/2022\/10\/Willydraussen3-272x182.jpg 272w\" sizes=\"100vw\" \/>\n\t\t\t<\/div><\/figure><figure class='gallery-item'>\n\t\t\t<div class='gallery-icon landscape'>\n\t\t\t\t<img width=\"525\" height=\"351\" src=\"https:\/\/ferienhof-wachtelberg.de\/wp-content\/uploads\/2022\/10\/WillySZ3-1024x684.jpg\" class=\"attachment-large size-large\" alt=\"\" decoding=\"async\" loading=\"lazy\" srcset=\"https:\/\/ferienhof-wachtelberg.de\/wp-content\/uploads\/2022\/10\/WillySZ3-1024x684.jpg 1024w, https:\/\/ferienhof-wachtelberg.de\/wp-content\/uploads\/2022\/10\/WillySZ3-300x200.jpg 300w, https:\/\/ferienhof-wachtelberg.de\/wp-content\/uploads\/2022\/10\/WillySZ3-768x513.jpg 768w, https:\/\/ferienhof-wachtelberg.de\/wp-content\/uploads\/2022\/10\/WillySZ3-1536x1025.jpg 1536w, https:\/\/ferienhof-wachtelberg.de\/wp-content\/uploads\/2022\/10\/WillySZ3-2048x1367.jpg 2048w, https:\/\/ferienhof-wachtelberg.de\/wp-content\/uploads\/2022\/10\/WillySZ3-272x182.jpg 272w\" sizes=\"100vw\" \/>\n\t\t\t<\/div><\/figure><figure class='gallery-item'>\n\t\t\t<div class='gallery-icon landscape'>\n\t\t\t\t<img width=\"525\" height=\"351\" src=\"https:\/\/ferienhof-wachtelberg.de\/wp-content\/uploads\/2022\/10\/WillyEZ8-1024x684.jpg\" class=\"attachment-large size-large\" alt=\"\" decoding=\"async\" loading=\"lazy\" srcset=\"https:\/\/ferienhof-wachtelberg.de\/wp-content\/uploads\/2022\/10\/WillyEZ8-1024x684.jpg 1024w, https:\/\/ferienhof-wachtelberg.de\/wp-content\/uploads\/2022\/10\/WillyEZ8-300x200.jpg 300w, https:\/\/ferienhof-wachtelberg.de\/wp-content\/uploads\/2022\/10\/WillyEZ8-768x513.jpg 768w, https:\/\/ferienhof-wachtelberg.de\/wp-content\/uploads\/2022\/10\/WillyEZ8-1536x1025.jpg 1536w, https:\/\/ferienhof-wachtelberg.de\/wp-content\/uploads\/2022\/10\/WillyEZ8-2048x1367.jpg 2048w, https:\/\/ferienhof-wachtelberg.de\/wp-content\/uploads\/2022\/10\/WillyEZ8-272x182.jpg 272w\" sizes=\"100vw\" \/>\n\t\t\t<\/div><\/figure><figure class='gallery-item'>\n\t\t\t<div class='gallery-icon landscape'>\n\t\t\t\t<img width=\"525\" height=\"351\" src=\"https:\/\/ferienhof-wachtelberg.de\/wp-content\/uploads\/2022\/10\/WillyEZ7-1024x684.jpg\" class=\"attachment-large size-large\" alt=\"\" decoding=\"async\" loading=\"lazy\" srcset=\"https:\/\/ferienhof-wachtelberg.de\/wp-content\/uploads\/2022\/10\/WillyEZ7-1024x684.jpg 1024w, https:\/\/ferienhof-wachtelberg.de\/wp-content\/uploads\/2022\/10\/WillyEZ7-300x200.jpg 300w, https:\/\/ferienhof-wachtelberg.de\/wp-content\/uploads\/2022\/10\/WillyEZ7-768x513.jpg 768w, https:\/\/ferienhof-wachtelberg.de\/wp-content\/uploads\/2022\/10\/WillyEZ7-1536x1025.jpg 1536w, https:\/\/ferienhof-wachtelberg.de\/wp-content\/uploads\/2022\/10\/WillyEZ7-2048x1367.jpg 2048w, https:\/\/ferienhof-wachtelberg.de\/wp-content\/uploads\/2022\/10\/WillyEZ7-272x182.jpg 272w\" sizes=\"100vw\" \/>\n\t\t\t<\/div><\/figure><figure class='gallery-item'>\n\t\t\t<div class='gallery-icon portrait'>\n\t\t\t\t<img width=\"525\" height=\"786\" src=\"https:\/\/ferienhof-wachtelberg.de\/wp-content\/uploads\/2022\/10\/WillyEZ9-684x1024.jpg\" class=\"attachment-large size-large\" alt=\"\" decoding=\"async\" loading=\"lazy\" srcset=\"https:\/\/ferienhof-wachtelberg.de\/wp-content\/uploads\/2022\/10\/WillyEZ9-684x1024.jpg 684w, https:\/\/ferienhof-wachtelberg.de\/wp-content\/uploads\/2022\/10\/WillyEZ9-200x300.jpg 200w, https:\/\/ferienhof-wachtelberg.de\/wp-content\/uploads\/2022\/10\/WillyEZ9-768x1150.jpg 768w, https:\/\/ferienhof-wachtelberg.de\/wp-content\/uploads\/2022\/10\/WillyEZ9-1025x1536.jpg 1025w, https:\/\/ferienhof-wachtelberg.de\/wp-content\/uploads\/2022\/10\/WillyEZ9-1367x2048.jpg 1367w, https:\/\/ferienhof-wachtelberg.de\/wp-content\/uploads\/2022\/10\/WillyEZ9-scaled.jpg 1709w\" sizes=\"100vw\" \/>\n\t\t\t<\/div><\/figure><figure class='gallery-item'>\n\t\t\t<div class='gallery-icon portrait'>\n\t\t\t\t<img width=\"525\" height=\"786\" src=\"https:\/\/ferienhof-wachtelberg.de\/wp-content\/uploads\/2022\/10\/WillyEZ-684x1024.jpg\" class=\"attachment-large size-large\" alt=\"\" decoding=\"async\" loading=\"lazy\" srcset=\"https:\/\/ferienhof-wachtelberg.de\/wp-content\/uploads\/2022\/10\/WillyEZ-684x1024.jpg 684w, https:\/\/ferienhof-wachtelberg.de\/wp-content\/uploads\/2022\/10\/WillyEZ-200x300.jpg 200w, https:\/\/ferienhof-wachtelberg.de\/wp-content\/uploads\/2022\/10\/WillyEZ-768x1151.jpg 768w, https:\/\/ferienhof-wachtelberg.de\/wp-content\/uploads\/2022\/10\/WillyEZ-1025x1536.jpg 1025w, https:\/\/ferienhof-wachtelberg.de\/wp-content\/uploads\/2022\/10\/WillyEZ-1367x2048.jpg 1367w, https:\/\/ferienhof-wachtelberg.de\/wp-content\/uploads\/2022\/10\/WillyEZ-scaled.jpg 1709w\" sizes=\"100vw\" \/>\n\t\t\t<\/div><\/figure><figure class='gallery-item'>\n\t\t\t<div class='gallery-icon portrait'>\n\t\t\t\t<img width=\"525\" height=\"786\" src=\"https:\/\/ferienhof-wachtelberg.de\/wp-content\/uploads\/2022\/10\/WillyEZ2-684x1024.jpg\" class=\"attachment-large size-large\" alt=\"\" decoding=\"async\" loading=\"lazy\" srcset=\"https:\/\/ferienhof-wachtelberg.de\/wp-content\/uploads\/2022\/10\/WillyEZ2-684x1024.jpg 684w, https:\/\/ferienhof-wachtelberg.de\/wp-content\/uploads\/2022\/10\/WillyEZ2-200x300.jpg 200w, https:\/\/ferienhof-wachtelberg.de\/wp-content\/uploads\/2022\/10\/WillyEZ2-768x1150.jpg 768w, https:\/\/ferienhof-wachtelberg.de\/wp-content\/uploads\/2022\/10\/WillyEZ2-1025x1536.jpg 1025w, https:\/\/ferienhof-wachtelberg.de\/wp-content\/uploads\/2022\/10\/WillyEZ2-1367x2048.jpg 1367w, https:\/\/ferienhof-wachtelberg.de\/wp-content\/uploads\/2022\/10\/WillyEZ2-scaled.jpg 1709w\" sizes=\"100vw\" \/>\n\t\t\t<\/div><\/figure><figure class='gallery-item'>\n\t\t\t<div class='gallery-icon landscape'>\n\t\t\t\t<img width=\"525\" height=\"351\" src=\"https:\/\/ferienhof-wachtelberg.de\/wp-content\/uploads\/2022\/10\/WillyEZ5-1024x684.jpg\" class=\"attachment-large size-large\" alt=\"\" decoding=\"async\" loading=\"lazy\" srcset=\"https:\/\/ferienhof-wachtelberg.de\/wp-content\/uploads\/2022\/10\/WillyEZ5-1024x684.jpg 1024w, https:\/\/ferienhof-wachtelberg.de\/wp-content\/uploads\/2022\/10\/WillyEZ5-300x200.jpg 300w, https:\/\/ferienhof-wachtelberg.de\/wp-content\/uploads\/2022\/10\/WillyEZ5-768x513.jpg 768w, https:\/\/ferienhof-wachtelberg.de\/wp-content\/uploads\/2022\/10\/WillyEZ5-1536x1025.jpg 1536w, https:\/\/ferienhof-wachtelberg.de\/wp-content\/uploads\/2022\/10\/WillyEZ5-2048x1367.jpg 2048w, https:\/\/ferienhof-wachtelberg.de\/wp-content\/uploads\/2022\/10\/WillyEZ5-272x182.jpg 272w\" sizes=\"100vw\" \/>\n\t\t\t<\/div><\/figure><figure class='gallery-item'>\n\t\t\t<div class='gallery-icon landscape'>\n\t\t\t\t<img width=\"525\" height=\"351\" src=\"https:\/\/ferienhof-wachtelberg.de\/wp-content\/uploads\/2022\/10\/WillySZ5-1024x684.jpg\" class=\"attachment-large size-large\" alt=\"\" decoding=\"async\" loading=\"lazy\" srcset=\"https:\/\/ferienhof-wachtelberg.de\/wp-content\/uploads\/2022\/10\/WillySZ5-1024x684.jpg 1024w, https:\/\/ferienhof-wachtelberg.de\/wp-content\/uploads\/2022\/10\/WillySZ5-300x200.jpg 300w, https:\/\/ferienhof-wachtelberg.de\/wp-content\/uploads\/2022\/10\/WillySZ5-768x513.jpg 768w, https:\/\/ferienhof-wachtelberg.de\/wp-content\/uploads\/2022\/10\/WillySZ5-1536x1025.jpg 1536w, https:\/\/ferienhof-wachtelberg.de\/wp-content\/uploads\/2022\/10\/WillySZ5-2048x1367.jpg 2048w, https:\/\/ferienhof-wachtelberg.de\/wp-content\/uploads\/2022\/10\/WillySZ5-272x182.jpg 272w\" sizes=\"100vw\" \/>\n\t\t\t<\/div><\/figure><figure class='gallery-item'>\n\t\t\t<div class='gallery-icon landscape'>\n\t\t\t\t<img width=\"525\" height=\"351\" src=\"https:\/\/ferienhof-wachtelberg.de\/wp-content\/uploads\/2022\/10\/WillySZ-1024x684.jpg\" class=\"attachment-large size-large\" alt=\"\" decoding=\"async\" loading=\"lazy\" srcset=\"https:\/\/ferienhof-wachtelberg.de\/wp-content\/uploads\/2022\/10\/WillySZ-1024x684.jpg 1024w, https:\/\/ferienhof-wachtelberg.de\/wp-content\/uploads\/2022\/10\/WillySZ-300x200.jpg 300w, https:\/\/ferienhof-wachtelberg.de\/wp-content\/uploads\/2022\/10\/WillySZ-768x513.jpg 768w, https:\/\/ferienhof-wachtelberg.de\/wp-content\/uploads\/2022\/10\/WillySZ-1536x1025.jpg 1536w, https:\/\/ferienhof-wachtelberg.de\/wp-content\/uploads\/2022\/10\/WillySZ-2048x1367.jpg 2048w, https:\/\/ferienhof-wachtelberg.de\/wp-content\/uploads\/2022\/10\/WillySZ-272x182.jpg 272w\" sizes=\"100vw\" \/>\n\t\t\t<\/div><\/figure>\n\t\t<\/div>\n<\/div><\/div><\/div><\/div>","protected":false},"excerpt":{"rendered":"<p>Bauwagen Willy Weitere Infos zu den Bauwagen Wilma &amp; Bert folgen in K\u00fcrze. Unser Bauwagen ist ein Highlight f\u00fcr 2 Personen. Tinyhousefeeling auf kleinestem Raum, perfekt genutzt und wundersch\u00f6n. Die K\u00fcche ist ausgestattet mit allem was man ben\u00f6tigt, hat einen K\u00fchlschrank und eine Kochgelegenheit. Abgewaschen werden kann in der kleinen Outdoorzeile direkt gegen\u00fcber. Dort gibt &hellip; <\/p>\n<p class=\"link-more\"><a href=\"https:\/\/ferienhof-wachtelberg.de\/?page_id=42\" class=\"more-link\"><span class=\"screen-reader-text\">\u201eBauwagen\u201c<\/span> weiterlesen<\/a><\/p>\n","protected":false},"author":1,"featured_media":0,"parent":16,"menu_order":5,"comment_status":"closed","ping_status":"closed","template":"","meta":[],"_links":{"self":[{"href":"https:\/\/ferienhof-wachtelberg.de\/index.php?rest_route=\/wp\/v2\/pages\/42"}],"collection":[{"href":"https:\/\/ferienhof-wachtelberg.de\/index.php?rest_route=\/wp\/v2\/pages"}],"about":[{"href":"https:\/\/ferienhof-wachtelberg.de\/index.php?rest_route=\/wp\/v2\/types\/page"}],"author":[{"embeddable":true,"href":"https:\/\/ferienhof-wachtelberg.de\/index.php?rest_route=\/wp\/v2\/users\/1"}],"replies":[{"embeddable":true,"href":"https:\/\/ferienhof-wachtelberg.de\/index.php?rest_route=%2Fwp%2Fv2%2Fcomments&post=42"}],"version-history":[{"count":26,"href":"https:\/\/ferienhof-wachtelberg.de\/index.php?rest_route=\/wp\/v2\/pages\/42\/revisions"}],"predecessor-version":[{"id":496,"href":"https:\/\/ferienhof-wachtelberg.de\/index.php?rest_route=\/wp\/v2\/pages\/42\/revisions\/496"}],"up":[{"embeddable":true,"href":"https:\/\/ferienhof-wachtelberg.de\/index.php?rest_route=\/wp\/v2\/pages\/16"}],"wp:attachment":[{"href":"https:\/\/ferienhof-wachtelberg.de\/index.php?rest_route=%2Fwp%2Fv2%2Fmedia&parent=42"}],"curies":[{"name":"wp","href":"https:\/\/api.w.org\/{rel}","templated":true}]}}