{"id":40,"date":"2019-07-15T22:38:23","date_gmt":"2019-07-15T20:38:23","guid":{"rendered":"http:\/\/corade.com\/ferienhof\/?page_id=40"},"modified":"2023-05-24T21:15:01","modified_gmt":"2023-05-24T19:15:01","slug":"ferienwohnung-2","status":"publish","type":"page","link":"https:\/\/ferienhof-wachtelberg.de\/?page_id=40","title":{"rendered":"Meerblick FeWo"},"content":{"rendered":"<div id=\"pl-40\"  class=\"panel-layout\" ><div id=\"pg-40-0\"  class=\"panel-grid panel-no-style\" ><div id=\"pgc-40-0-0\"  class=\"panel-grid-cell\" ><div id=\"panel-40-0-0-0\" class=\"so-panel widget widget_media_image panel-first-child panel-last-child\" data-index=\"0\" ><img width=\"1200\" height=\"820\" src=\"https:\/\/ferienhof-wachtelberg.de\/wp-content\/uploads\/2020\/07\/Meerblick.jpg\" class=\"image wp-image-571  attachment-full size-full\" alt=\"\" decoding=\"async\" loading=\"lazy\" style=\"max-width: 100%; height: auto;\" srcset=\"https:\/\/ferienhof-wachtelberg.de\/wp-content\/uploads\/2020\/07\/Meerblick.jpg 1200w, https:\/\/ferienhof-wachtelberg.de\/wp-content\/uploads\/2020\/07\/Meerblick-300x205.jpg 300w, https:\/\/ferienhof-wachtelberg.de\/wp-content\/uploads\/2020\/07\/Meerblick-1024x700.jpg 1024w, https:\/\/ferienhof-wachtelberg.de\/wp-content\/uploads\/2020\/07\/Meerblick-768x525.jpg 768w\" sizes=\"100vw\" \/><\/div><\/div><\/div><div id=\"pg-40-1\"  class=\"panel-grid panel-no-style\" ><div id=\"pgc-40-1-0\"  class=\"panel-grid-cell\" ><div id=\"panel-40-1-0-0\" class=\"so-panel widget widget_media_image panel-first-child panel-last-child\" data-index=\"1\" ><img width=\"840\" height=\"560\" src=\"https:\/\/ferienhof-wachtelberg.de\/wp-content\/uploads\/2020\/06\/slider-rundbau-00.jpg\" class=\"image wp-image-503  attachment-full size-full\" alt=\"\" decoding=\"async\" loading=\"lazy\" style=\"max-width: 100%; height: auto;\" srcset=\"https:\/\/ferienhof-wachtelberg.de\/wp-content\/uploads\/2020\/06\/slider-rundbau-00.jpg 840w, https:\/\/ferienhof-wachtelberg.de\/wp-content\/uploads\/2020\/06\/slider-rundbau-00-300x200.jpg 300w, https:\/\/ferienhof-wachtelberg.de\/wp-content\/uploads\/2020\/06\/slider-rundbau-00-768x512.jpg 768w, https:\/\/ferienhof-wachtelberg.de\/wp-content\/uploads\/2020\/06\/slider-rundbau-00-272x182.jpg 272w\" sizes=\"100vw\" \/><\/div><\/div><div id=\"pgc-40-1-1\"  class=\"panel-grid-cell\" ><div class=\"panel-cell-style panel-cell-style-for-40-1-1\" ><div id=\"panel-40-1-1-0\" class=\"so-panel widget widget_sow-editor panel-first-child panel-last-child\" data-index=\"2\" ><div\n\t\t\t\n\t\t\tclass=\"so-widget-sow-editor so-widget-sow-editor-base\"\n\t\t\t\n\t\t>\n<div class=\"siteorigin-widget-tinymce textwidget\">\n\t<h1>Ferienwohnung Meerblick<\/h1>\n<p>Unsere neue Ferienwohnung Meerblick ist die Unterkunft \u201eohne Ecken und Kanten\u201c. Sie wartet mit einem 180 Grad Blick auf den Hof und auf die Ostsee in Richtung D\u00e4nemark. Die Wohnung ist f\u00fcr zwei Personen ausgelegt, kann aber auch mit einem Kinderbett erg\u00e4nzt werden. Es gibt Satelliten TV, eine K\u00fcche mit Herd\/Ofen, Geschirrsp\u00fcler und K\u00fchlschrank mit Eisfach. Der Hof und die einzigartige Umgebung bieten jede Menge Erholung und Ruhe.<br \/>\nWir freuen uns auf euren Besuch...<\/p>\n<\/div>\n<\/div><\/div><\/div><\/div><\/div><div id=\"pg-40-2\"  class=\"panel-grid panel-no-style\" ><div id=\"pgc-40-2-0\"  class=\"panel-grid-cell\" ><div id=\"panel-40-2-0-0\" class=\"so-panel widget widget_media_gallery panel-first-child panel-last-child\" data-index=\"3\" ><div id='gallery-1' class='gallery galleryid-40 gallery-columns-3 gallery-size-large'><figure class='gallery-item'>\n\t\t\t<div class='gallery-icon landscape'>\n\t\t\t\t<img width=\"525\" height=\"350\" src=\"https:\/\/ferienhof-wachtelberg.de\/wp-content\/uploads\/2023\/05\/MB_10-1024x683.jpg\" class=\"attachment-large size-large\" alt=\"\" decoding=\"async\" loading=\"lazy\" srcset=\"https:\/\/ferienhof-wachtelberg.de\/wp-content\/uploads\/2023\/05\/MB_10-1024x683.jpg 1024w, https:\/\/ferienhof-wachtelberg.de\/wp-content\/uploads\/2023\/05\/MB_10-300x200.jpg 300w, https:\/\/ferienhof-wachtelberg.de\/wp-content\/uploads\/2023\/05\/MB_10-768x512.jpg 768w, https:\/\/ferienhof-wachtelberg.de\/wp-content\/uploads\/2023\/05\/MB_10-272x182.jpg 272w, https:\/\/ferienhof-wachtelberg.de\/wp-content\/uploads\/2023\/05\/MB_10.jpg 1280w\" sizes=\"100vw\" \/>\n\t\t\t<\/div><\/figure><figure class='gallery-item'>\n\t\t\t<div class='gallery-icon landscape'>\n\t\t\t\t<img width=\"525\" height=\"350\" src=\"https:\/\/ferienhof-wachtelberg.de\/wp-content\/uploads\/2023\/05\/MB_02-1024x683.jpg\" class=\"attachment-large size-large\" alt=\"\" decoding=\"async\" loading=\"lazy\" srcset=\"https:\/\/ferienhof-wachtelberg.de\/wp-content\/uploads\/2023\/05\/MB_02-1024x683.jpg 1024w, https:\/\/ferienhof-wachtelberg.de\/wp-content\/uploads\/2023\/05\/MB_02-300x200.jpg 300w, https:\/\/ferienhof-wachtelberg.de\/wp-content\/uploads\/2023\/05\/MB_02-768x512.jpg 768w, https:\/\/ferienhof-wachtelberg.de\/wp-content\/uploads\/2023\/05\/MB_02-272x182.jpg 272w, https:\/\/ferienhof-wachtelberg.de\/wp-content\/uploads\/2023\/05\/MB_02.jpg 1280w\" sizes=\"100vw\" \/>\n\t\t\t<\/div><\/figure><figure class='gallery-item'>\n\t\t\t<div class='gallery-icon landscape'>\n\t\t\t\t<img width=\"525\" height=\"350\" src=\"https:\/\/ferienhof-wachtelberg.de\/wp-content\/uploads\/2023\/05\/MB_03-1024x683.jpg\" class=\"attachment-large size-large\" alt=\"\" decoding=\"async\" loading=\"lazy\" srcset=\"https:\/\/ferienhof-wachtelberg.de\/wp-content\/uploads\/2023\/05\/MB_03-1024x683.jpg 1024w, https:\/\/ferienhof-wachtelberg.de\/wp-content\/uploads\/2023\/05\/MB_03-300x200.jpg 300w, https:\/\/ferienhof-wachtelberg.de\/wp-content\/uploads\/2023\/05\/MB_03-768x512.jpg 768w, https:\/\/ferienhof-wachtelberg.de\/wp-content\/uploads\/2023\/05\/MB_03-272x182.jpg 272w, https:\/\/ferienhof-wachtelberg.de\/wp-content\/uploads\/2023\/05\/MB_03.jpg 1280w\" sizes=\"100vw\" \/>\n\t\t\t<\/div><\/figure><figure class='gallery-item'>\n\t\t\t<div class='gallery-icon portrait'>\n\t\t\t\t<img width=\"525\" height=\"787\" src=\"https:\/\/ferienhof-wachtelberg.de\/wp-content\/uploads\/2023\/05\/MB_01-683x1024.jpg\" class=\"attachment-large size-large\" alt=\"\" decoding=\"async\" loading=\"lazy\" srcset=\"https:\/\/ferienhof-wachtelberg.de\/wp-content\/uploads\/2023\/05\/MB_01-683x1024.jpg 683w, https:\/\/ferienhof-wachtelberg.de\/wp-content\/uploads\/2023\/05\/MB_01-200x300.jpg 200w, https:\/\/ferienhof-wachtelberg.de\/wp-content\/uploads\/2023\/05\/MB_01-768x1151.jpg 768w, https:\/\/ferienhof-wachtelberg.de\/wp-content\/uploads\/2023\/05\/MB_01.jpg 854w\" sizes=\"100vw\" \/>\n\t\t\t<\/div><\/figure><figure class='gallery-item'>\n\t\t\t<div class='gallery-icon portrait'>\n\t\t\t\t<img width=\"525\" height=\"787\" src=\"https:\/\/ferienhof-wachtelberg.de\/wp-content\/uploads\/2023\/05\/MB_14-683x1024.jpg\" class=\"attachment-large size-large\" alt=\"\" decoding=\"async\" loading=\"lazy\" srcset=\"https:\/\/ferienhof-wachtelberg.de\/wp-content\/uploads\/2023\/05\/MB_14-683x1024.jpg 683w, https:\/\/ferienhof-wachtelberg.de\/wp-content\/uploads\/2023\/05\/MB_14-200x300.jpg 200w, https:\/\/ferienhof-wachtelberg.de\/wp-content\/uploads\/2023\/05\/MB_14-768x1151.jpg 768w, https:\/\/ferienhof-wachtelberg.de\/wp-content\/uploads\/2023\/05\/MB_14.jpg 854w\" sizes=\"100vw\" \/>\n\t\t\t<\/div><\/figure><figure class='gallery-item'>\n\t\t\t<div class='gallery-icon portrait'>\n\t\t\t\t<img width=\"525\" height=\"787\" src=\"https:\/\/ferienhof-wachtelberg.de\/wp-content\/uploads\/2023\/05\/MB_06-683x1024.jpg\" class=\"attachment-large size-large\" alt=\"\" decoding=\"async\" loading=\"lazy\" srcset=\"https:\/\/ferienhof-wachtelberg.de\/wp-content\/uploads\/2023\/05\/MB_06-683x1024.jpg 683w, https:\/\/ferienhof-wachtelberg.de\/wp-content\/uploads\/2023\/05\/MB_06-200x300.jpg 200w, https:\/\/ferienhof-wachtelberg.de\/wp-content\/uploads\/2023\/05\/MB_06-768x1151.jpg 768w, https:\/\/ferienhof-wachtelberg.de\/wp-content\/uploads\/2023\/05\/MB_06.jpg 854w\" sizes=\"100vw\" \/>\n\t\t\t<\/div><\/figure><figure class='gallery-item'>\n\t\t\t<div class='gallery-icon landscape'>\n\t\t\t\t<img width=\"525\" height=\"350\" src=\"https:\/\/ferienhof-wachtelberg.de\/wp-content\/uploads\/2023\/05\/MB_05-1024x683.jpg\" class=\"attachment-large size-large\" alt=\"\" decoding=\"async\" loading=\"lazy\" srcset=\"https:\/\/ferienhof-wachtelberg.de\/wp-content\/uploads\/2023\/05\/MB_05-1024x683.jpg 1024w, https:\/\/ferienhof-wachtelberg.de\/wp-content\/uploads\/2023\/05\/MB_05-300x200.jpg 300w, https:\/\/ferienhof-wachtelberg.de\/wp-content\/uploads\/2023\/05\/MB_05-768x512.jpg 768w, https:\/\/ferienhof-wachtelberg.de\/wp-content\/uploads\/2023\/05\/MB_05-272x182.jpg 272w, https:\/\/ferienhof-wachtelberg.de\/wp-content\/uploads\/2023\/05\/MB_05.jpg 1280w\" sizes=\"100vw\" \/>\n\t\t\t<\/div><\/figure><figure class='gallery-item'>\n\t\t\t<div class='gallery-icon landscape'>\n\t\t\t\t<img width=\"525\" height=\"350\" src=\"https:\/\/ferienhof-wachtelberg.de\/wp-content\/uploads\/2023\/05\/MB_08-1024x683.jpg\" class=\"attachment-large size-large\" alt=\"\" decoding=\"async\" loading=\"lazy\" srcset=\"https:\/\/ferienhof-wachtelberg.de\/wp-content\/uploads\/2023\/05\/MB_08-1024x683.jpg 1024w, https:\/\/ferienhof-wachtelberg.de\/wp-content\/uploads\/2023\/05\/MB_08-300x200.jpg 300w, https:\/\/ferienhof-wachtelberg.de\/wp-content\/uploads\/2023\/05\/MB_08-768x512.jpg 768w, https:\/\/ferienhof-wachtelberg.de\/wp-content\/uploads\/2023\/05\/MB_08-272x182.jpg 272w, https:\/\/ferienhof-wachtelberg.de\/wp-content\/uploads\/2023\/05\/MB_08.jpg 1280w\" sizes=\"100vw\" \/>\n\t\t\t<\/div><\/figure><figure class='gallery-item'>\n\t\t\t<div class='gallery-icon landscape'>\n\t\t\t\t<img width=\"525\" height=\"350\" src=\"https:\/\/ferienhof-wachtelberg.de\/wp-content\/uploads\/2023\/05\/MB_09-1024x683.jpg\" class=\"attachment-large size-large\" alt=\"\" decoding=\"async\" loading=\"lazy\" srcset=\"https:\/\/ferienhof-wachtelberg.de\/wp-content\/uploads\/2023\/05\/MB_09-1024x683.jpg 1024w, https:\/\/ferienhof-wachtelberg.de\/wp-content\/uploads\/2023\/05\/MB_09-300x200.jpg 300w, https:\/\/ferienhof-wachtelberg.de\/wp-content\/uploads\/2023\/05\/MB_09-768x512.jpg 768w, https:\/\/ferienhof-wachtelberg.de\/wp-content\/uploads\/2023\/05\/MB_09-272x182.jpg 272w, https:\/\/ferienhof-wachtelberg.de\/wp-content\/uploads\/2023\/05\/MB_09.jpg 1280w\" sizes=\"100vw\" \/>\n\t\t\t<\/div><\/figure><figure class='gallery-item'>\n\t\t\t<div class='gallery-icon portrait'>\n\t\t\t\t<img width=\"525\" height=\"700\" src=\"https:\/\/ferienhof-wachtelberg.de\/wp-content\/uploads\/2023\/05\/MB_11-768x1024.jpg\" class=\"attachment-large size-large\" alt=\"\" decoding=\"async\" loading=\"lazy\" srcset=\"https:\/\/ferienhof-wachtelberg.de\/wp-content\/uploads\/2023\/05\/MB_11-768x1024.jpg 768w, https:\/\/ferienhof-wachtelberg.de\/wp-content\/uploads\/2023\/05\/MB_11-225x300.jpg 225w, https:\/\/ferienhof-wachtelberg.de\/wp-content\/uploads\/2023\/05\/MB_11-rotated.jpg 960w\" sizes=\"100vw\" \/>\n\t\t\t<\/div><\/figure><figure class='gallery-item'>\n\t\t\t<div class='gallery-icon portrait'>\n\t\t\t\t<img width=\"525\" height=\"700\" src=\"https:\/\/ferienhof-wachtelberg.de\/wp-content\/uploads\/2023\/05\/MB_13-768x1024.jpg\" class=\"attachment-large size-large\" alt=\"\" decoding=\"async\" loading=\"lazy\" srcset=\"https:\/\/ferienhof-wachtelberg.de\/wp-content\/uploads\/2023\/05\/MB_13-768x1024.jpg 768w, https:\/\/ferienhof-wachtelberg.de\/wp-content\/uploads\/2023\/05\/MB_13-225x300.jpg 225w, https:\/\/ferienhof-wachtelberg.de\/wp-content\/uploads\/2023\/05\/MB_13-rotated.jpg 960w\" sizes=\"100vw\" \/>\n\t\t\t<\/div><\/figure><figure class='gallery-item'>\n\t\t\t<div class='gallery-icon portrait'>\n\t\t\t\t<img width=\"525\" height=\"700\" src=\"https:\/\/ferienhof-wachtelberg.de\/wp-content\/uploads\/2023\/05\/MB_16-768x1024.jpg\" class=\"attachment-large size-large\" alt=\"\" decoding=\"async\" loading=\"lazy\" srcset=\"https:\/\/ferienhof-wachtelberg.de\/wp-content\/uploads\/2023\/05\/MB_16-768x1024.jpg 768w, https:\/\/ferienhof-wachtelberg.de\/wp-content\/uploads\/2023\/05\/MB_16-225x300.jpg 225w, https:\/\/ferienhof-wachtelberg.de\/wp-content\/uploads\/2023\/05\/MB_16-rotated.jpg 960w\" sizes=\"100vw\" \/>\n\t\t\t<\/div><\/figure><figure class='gallery-item'>\n\t\t\t<div class='gallery-icon portrait'>\n\t\t\t\t<img width=\"525\" height=\"787\" src=\"https:\/\/ferienhof-wachtelberg.de\/wp-content\/uploads\/2023\/05\/MB_18-683x1024.jpg\" class=\"attachment-large size-large\" alt=\"\" decoding=\"async\" loading=\"lazy\" srcset=\"https:\/\/ferienhof-wachtelberg.de\/wp-content\/uploads\/2023\/05\/MB_18-683x1024.jpg 683w, https:\/\/ferienhof-wachtelberg.de\/wp-content\/uploads\/2023\/05\/MB_18-200x300.jpg 200w, https:\/\/ferienhof-wachtelberg.de\/wp-content\/uploads\/2023\/05\/MB_18-768x1151.jpg 768w, https:\/\/ferienhof-wachtelberg.de\/wp-content\/uploads\/2023\/05\/MB_18.jpg 854w\" sizes=\"100vw\" \/>\n\t\t\t<\/div><\/figure><figure class='gallery-item'>\n\t\t\t<div class='gallery-icon portrait'>\n\t\t\t\t<img width=\"525\" height=\"933\" src=\"https:\/\/ferienhof-wachtelberg.de\/wp-content\/uploads\/2023\/05\/MB_19-576x1024.jpg\" class=\"attachment-large size-large\" alt=\"\" decoding=\"async\" loading=\"lazy\" srcset=\"https:\/\/ferienhof-wachtelberg.de\/wp-content\/uploads\/2023\/05\/MB_19-576x1024.jpg 576w, https:\/\/ferienhof-wachtelberg.de\/wp-content\/uploads\/2023\/05\/MB_19-169x300.jpg 169w, https:\/\/ferienhof-wachtelberg.de\/wp-content\/uploads\/2023\/05\/MB_19.jpg 720w\" sizes=\"100vw\" \/>\n\t\t\t<\/div><\/figure>\n\t\t<\/div>\n<\/div><\/div><\/div><\/div>","protected":false},"excerpt":{"rendered":"<p>Ferienwohnung Meerblick Unsere neue Ferienwohnung Meerblick ist die Unterkunft \u201eohne Ecken und Kanten\u201c. Sie wartet mit einem 180 Grad Blick auf den Hof und auf die Ostsee in Richtung D\u00e4nemark. Die Wohnung ist f\u00fcr zwei Personen ausgelegt, kann aber auch mit einem Kinderbett erg\u00e4nzt werden. Es gibt Satelliten TV, eine K\u00fcche mit Herd\/Ofen, Geschirrsp\u00fcler und &hellip; <\/p>\n<p class=\"link-more\"><a href=\"https:\/\/ferienhof-wachtelberg.de\/?page_id=40\" class=\"more-link\"><span class=\"screen-reader-text\">\u201eMeerblick FeWo\u201c<\/span> weiterlesen<\/a><\/p>\n","protected":false},"author":1,"featured_media":0,"parent":16,"menu_order":4,"comment_status":"closed","ping_status":"closed","template":"","meta":[],"_links":{"self":[{"href":"https:\/\/ferienhof-wachtelberg.de\/index.php?rest_route=\/wp\/v2\/pages\/40"}],"collection":[{"href":"https:\/\/ferienhof-wachtelberg.de\/index.php?rest_route=\/wp\/v2\/pages"}],"about":[{"href":"https:\/\/ferienhof-wachtelberg.de\/index.php?rest_route=\/wp\/v2\/types\/page"}],"author":[{"embeddable":true,"href":"https:\/\/ferienhof-wachtelberg.de\/index.php?rest_route=\/wp\/v2\/users\/1"}],"replies":[{"embeddable":true,"href":"https:\/\/ferienhof-wachtelberg.de\/index.php?rest_route=%2Fwp%2Fv2%2Fcomments&post=40"}],"version-history":[{"count":37,"href":"https:\/\/ferienhof-wachtelberg.de\/index.php?rest_route=\/wp\/v2\/pages\/40\/revisions"}],"predecessor-version":[{"id":999,"href":"https:\/\/ferienhof-wachtelberg.de\/index.php?rest_route=\/wp\/v2\/pages\/40\/revisions\/999"}],"up":[{"embeddable":true,"href":"https:\/\/ferienhof-wachtelberg.de\/index.php?rest_route=\/wp\/v2\/pages\/16"}],"wp:attachment":[{"href":"https:\/\/ferienhof-wachtelberg.de\/index.php?rest_route=%2Fwp%2Fv2%2Fmedia&parent=40"}],"curies":[{"name":"wp","href":"https:\/\/api.w.org\/{rel}","templated":true}]}}