{"id":38,"date":"2019-07-15T22:37:55","date_gmt":"2019-07-15T20:37:55","guid":{"rendered":"http:\/\/corade.com\/ferienhof\/?page_id=38"},"modified":"2022-10-21T12:22:41","modified_gmt":"2022-10-21T10:22:41","slug":"ferienwohnung-1","status":"publish","type":"page","link":"https:\/\/ferienhof-wachtelberg.de\/?page_id=38","title":{"rendered":"Loft FeWo"},"content":{"rendered":"<div id=\"pl-38\"  class=\"panel-layout\" ><div id=\"pg-38-0\"  class=\"panel-grid panel-no-style\" ><div id=\"pgc-38-0-0\"  class=\"panel-grid-cell\" ><div id=\"panel-38-0-0-0\" class=\"so-panel widget widget_media_image panel-first-child panel-last-child\" data-index=\"0\" ><img width=\"1200\" height=\"820\" src=\"https:\/\/ferienhof-wachtelberg.de\/wp-content\/uploads\/2020\/07\/Loft.jpg\" class=\"image wp-image-533  attachment-full size-full\" alt=\"\" decoding=\"async\" loading=\"lazy\" style=\"max-width: 100%; height: auto;\" srcset=\"https:\/\/ferienhof-wachtelberg.de\/wp-content\/uploads\/2020\/07\/Loft.jpg 1200w, https:\/\/ferienhof-wachtelberg.de\/wp-content\/uploads\/2020\/07\/Loft-300x205.jpg 300w, https:\/\/ferienhof-wachtelberg.de\/wp-content\/uploads\/2020\/07\/Loft-1024x700.jpg 1024w, https:\/\/ferienhof-wachtelberg.de\/wp-content\/uploads\/2020\/07\/Loft-768x525.jpg 768w\" sizes=\"100vw\" \/><\/div><\/div><\/div><div id=\"pg-38-1\"  class=\"panel-grid panel-no-style\" ><div id=\"pgc-38-1-0\"  class=\"panel-grid-cell\" ><div id=\"panel-38-1-0-0\" class=\"so-panel widget widget_media_image panel-first-child panel-last-child\" data-index=\"1\" ><img width=\"840\" height=\"560\" src=\"https:\/\/ferienhof-wachtelberg.de\/wp-content\/uploads\/2020\/06\/slider-landhaus-00.jpg\" class=\"image wp-image-504  attachment-full size-full\" alt=\"\" decoding=\"async\" loading=\"lazy\" style=\"max-width: 100%; height: auto;\" srcset=\"https:\/\/ferienhof-wachtelberg.de\/wp-content\/uploads\/2020\/06\/slider-landhaus-00.jpg 840w, https:\/\/ferienhof-wachtelberg.de\/wp-content\/uploads\/2020\/06\/slider-landhaus-00-300x200.jpg 300w, https:\/\/ferienhof-wachtelberg.de\/wp-content\/uploads\/2020\/06\/slider-landhaus-00-768x512.jpg 768w, https:\/\/ferienhof-wachtelberg.de\/wp-content\/uploads\/2020\/06\/slider-landhaus-00-272x182.jpg 272w\" sizes=\"100vw\" \/><\/div><\/div><div id=\"pgc-38-1-1\"  class=\"panel-grid-cell\" ><div class=\"panel-cell-style panel-cell-style-for-38-1-1\" ><div id=\"panel-38-1-1-0\" class=\"so-panel widget widget_sow-editor panel-first-child panel-last-child\" data-index=\"2\" ><div\n\t\t\t\n\t\t\tclass=\"so-widget-sow-editor so-widget-sow-editor-base\"\n\t\t\t\n\t\t>\n<div class=\"siteorigin-widget-tinymce textwidget\">\n\t<h1>Ferienwohnung Loft<\/h1>\n<p>Das Loft ist unsere neue Wohnung im ersten Stock vom Landhaus. Hier gibt es einen gro\u00dfen Raum, wo der Schlafbereich mit einer Doppel und einer Einzel Koje auf euch wartet. Eine K\u00fcche ist ebenfalls vorhanden und mit allem n\u00f6tigen ausgestattet. Eine gem\u00fctliche Sofaecke mit TV kann es kaum erwarten, von euch genutzt zu werden. Es gibt ein Badezimmer mit Dusche \/ WC. Auf der Holzterasse k\u00f6nnt ihr den Blick auf die Felder und die Fehmarn Sundbr\u00fccke schweifen lassen. Hier gibt es die wundersch\u00f6nsten Sonnenunterg\u00e4nge zu sehen!<\/p>\n<\/div>\n<\/div><\/div><\/div><\/div><\/div><div id=\"pg-38-2\"  class=\"panel-grid panel-no-style\" ><div id=\"pgc-38-2-0\"  class=\"panel-grid-cell\" ><div id=\"panel-38-2-0-0\" class=\"so-panel widget widget_media_gallery panel-first-child panel-last-child\" data-index=\"3\" ><div id='gallery-1' class='gallery galleryid-38 gallery-columns-3 gallery-size-large'><figure class='gallery-item'>\n\t\t\t<div class='gallery-icon landscape'>\n\t\t\t\t<img width=\"525\" height=\"350\" src=\"https:\/\/ferienhof-wachtelberg.de\/wp-content\/uploads\/2020\/07\/slider-loft-01.jpg\" class=\"attachment-large size-large\" alt=\"\" decoding=\"async\" loading=\"lazy\" srcset=\"https:\/\/ferienhof-wachtelberg.de\/wp-content\/uploads\/2020\/07\/slider-loft-01.jpg 840w, https:\/\/ferienhof-wachtelberg.de\/wp-content\/uploads\/2020\/07\/slider-loft-01-300x200.jpg 300w, https:\/\/ferienhof-wachtelberg.de\/wp-content\/uploads\/2020\/07\/slider-loft-01-768x512.jpg 768w, https:\/\/ferienhof-wachtelberg.de\/wp-content\/uploads\/2020\/07\/slider-loft-01-272x182.jpg 272w\" sizes=\"100vw\" \/>\n\t\t\t<\/div><\/figure><figure class='gallery-item'>\n\t\t\t<div class='gallery-icon landscape'>\n\t\t\t\t<img width=\"525\" height=\"350\" src=\"https:\/\/ferienhof-wachtelberg.de\/wp-content\/uploads\/2020\/07\/slider-loft-02.jpg\" class=\"attachment-large size-large\" alt=\"\" decoding=\"async\" loading=\"lazy\" srcset=\"https:\/\/ferienhof-wachtelberg.de\/wp-content\/uploads\/2020\/07\/slider-loft-02.jpg 840w, https:\/\/ferienhof-wachtelberg.de\/wp-content\/uploads\/2020\/07\/slider-loft-02-300x200.jpg 300w, https:\/\/ferienhof-wachtelberg.de\/wp-content\/uploads\/2020\/07\/slider-loft-02-768x512.jpg 768w, https:\/\/ferienhof-wachtelberg.de\/wp-content\/uploads\/2020\/07\/slider-loft-02-272x182.jpg 272w\" sizes=\"100vw\" \/>\n\t\t\t<\/div><\/figure><figure class='gallery-item'>\n\t\t\t<div class='gallery-icon landscape'>\n\t\t\t\t<img width=\"525\" height=\"350\" src=\"https:\/\/ferienhof-wachtelberg.de\/wp-content\/uploads\/2020\/01\/slider-luftaufnahme.jpg\" class=\"attachment-large size-large\" alt=\"\" decoding=\"async\" loading=\"lazy\" srcset=\"https:\/\/ferienhof-wachtelberg.de\/wp-content\/uploads\/2020\/01\/slider-luftaufnahme.jpg 840w, https:\/\/ferienhof-wachtelberg.de\/wp-content\/uploads\/2020\/01\/slider-luftaufnahme-300x200.jpg 300w, https:\/\/ferienhof-wachtelberg.de\/wp-content\/uploads\/2020\/01\/slider-luftaufnahme-768x512.jpg 768w, https:\/\/ferienhof-wachtelberg.de\/wp-content\/uploads\/2020\/01\/slider-luftaufnahme-272x182.jpg 272w\" sizes=\"100vw\" \/>\n\t\t\t<\/div><\/figure><figure class='gallery-item'>\n\t\t\t<div class='gallery-icon landscape'>\n\t\t\t\t<img width=\"525\" height=\"351\" src=\"https:\/\/ferienhof-wachtelberg.de\/wp-content\/uploads\/2022\/10\/LoftWZ2-1024x684.jpg\" class=\"attachment-large size-large\" alt=\"\" decoding=\"async\" loading=\"lazy\" srcset=\"https:\/\/ferienhof-wachtelberg.de\/wp-content\/uploads\/2022\/10\/LoftWZ2-1024x684.jpg 1024w, https:\/\/ferienhof-wachtelberg.de\/wp-content\/uploads\/2022\/10\/LoftWZ2-300x200.jpg 300w, https:\/\/ferienhof-wachtelberg.de\/wp-content\/uploads\/2022\/10\/LoftWZ2-768x513.jpg 768w, https:\/\/ferienhof-wachtelberg.de\/wp-content\/uploads\/2022\/10\/LoftWZ2-1536x1025.jpg 1536w, https:\/\/ferienhof-wachtelberg.de\/wp-content\/uploads\/2022\/10\/LoftWZ2-2048x1367.jpg 2048w, https:\/\/ferienhof-wachtelberg.de\/wp-content\/uploads\/2022\/10\/LoftWZ2-272x182.jpg 272w\" sizes=\"100vw\" \/>\n\t\t\t<\/div><\/figure><figure class='gallery-item'>\n\t\t\t<div class='gallery-icon landscape'>\n\t\t\t\t<img width=\"525\" height=\"351\" src=\"https:\/\/ferienhof-wachtelberg.de\/wp-content\/uploads\/2022\/10\/LoftWZ-1024x684.jpg\" class=\"attachment-large size-large\" alt=\"\" decoding=\"async\" loading=\"lazy\" srcset=\"https:\/\/ferienhof-wachtelberg.de\/wp-content\/uploads\/2022\/10\/LoftWZ-1024x684.jpg 1024w, https:\/\/ferienhof-wachtelberg.de\/wp-content\/uploads\/2022\/10\/LoftWZ-300x200.jpg 300w, https:\/\/ferienhof-wachtelberg.de\/wp-content\/uploads\/2022\/10\/LoftWZ-768x513.jpg 768w, https:\/\/ferienhof-wachtelberg.de\/wp-content\/uploads\/2022\/10\/LoftWZ-1536x1025.jpg 1536w, https:\/\/ferienhof-wachtelberg.de\/wp-content\/uploads\/2022\/10\/LoftWZ-2048x1367.jpg 2048w, https:\/\/ferienhof-wachtelberg.de\/wp-content\/uploads\/2022\/10\/LoftWZ-272x182.jpg 272w\" sizes=\"100vw\" \/>\n\t\t\t<\/div><\/figure><figure class='gallery-item'>\n\t\t\t<div class='gallery-icon landscape'>\n\t\t\t\t<img width=\"525\" height=\"351\" src=\"https:\/\/ferienhof-wachtelberg.de\/wp-content\/uploads\/2022\/10\/LoftWZ4-1024x684.jpg\" class=\"attachment-large size-large\" alt=\"\" decoding=\"async\" loading=\"lazy\" srcset=\"https:\/\/ferienhof-wachtelberg.de\/wp-content\/uploads\/2022\/10\/LoftWZ4-1024x684.jpg 1024w, https:\/\/ferienhof-wachtelberg.de\/wp-content\/uploads\/2022\/10\/LoftWZ4-300x200.jpg 300w, https:\/\/ferienhof-wachtelberg.de\/wp-content\/uploads\/2022\/10\/LoftWZ4-768x513.jpg 768w, https:\/\/ferienhof-wachtelberg.de\/wp-content\/uploads\/2022\/10\/LoftWZ4-1536x1025.jpg 1536w, https:\/\/ferienhof-wachtelberg.de\/wp-content\/uploads\/2022\/10\/LoftWZ4-2048x1367.jpg 2048w, https:\/\/ferienhof-wachtelberg.de\/wp-content\/uploads\/2022\/10\/LoftWZ4-272x182.jpg 272w\" sizes=\"100vw\" \/>\n\t\t\t<\/div><\/figure><figure class='gallery-item'>\n\t\t\t<div class='gallery-icon portrait'>\n\t\t\t\t<img width=\"525\" height=\"786\" src=\"https:\/\/ferienhof-wachtelberg.de\/wp-content\/uploads\/2022\/10\/LoftWZ3-684x1024.jpg\" class=\"attachment-large size-large\" alt=\"\" decoding=\"async\" loading=\"lazy\" srcset=\"https:\/\/ferienhof-wachtelberg.de\/wp-content\/uploads\/2022\/10\/LoftWZ3-684x1024.jpg 684w, https:\/\/ferienhof-wachtelberg.de\/wp-content\/uploads\/2022\/10\/LoftWZ3-200x300.jpg 200w, https:\/\/ferienhof-wachtelberg.de\/wp-content\/uploads\/2022\/10\/LoftWZ3-768x1150.jpg 768w, https:\/\/ferienhof-wachtelberg.de\/wp-content\/uploads\/2022\/10\/LoftWZ3-1025x1536.jpg 1025w, https:\/\/ferienhof-wachtelberg.de\/wp-content\/uploads\/2022\/10\/LoftWZ3-1367x2048.jpg 1367w, https:\/\/ferienhof-wachtelberg.de\/wp-content\/uploads\/2022\/10\/LoftWZ3-scaled.jpg 1709w\" sizes=\"100vw\" \/>\n\t\t\t<\/div><\/figure><figure class='gallery-item'>\n\t\t\t<div class='gallery-icon portrait'>\n\t\t\t\t<img width=\"525\" height=\"786\" src=\"https:\/\/ferienhof-wachtelberg.de\/wp-content\/uploads\/2022\/10\/Loftk\u00fcche1-684x1024.jpg\" class=\"attachment-large size-large\" alt=\"\" decoding=\"async\" loading=\"lazy\" srcset=\"https:\/\/ferienhof-wachtelberg.de\/wp-content\/uploads\/2022\/10\/Loftk\u00fcche1-684x1024.jpg 684w, https:\/\/ferienhof-wachtelberg.de\/wp-content\/uploads\/2022\/10\/Loftk\u00fcche1-200x300.jpg 200w, https:\/\/ferienhof-wachtelberg.de\/wp-content\/uploads\/2022\/10\/Loftk\u00fcche1-768x1150.jpg 768w, https:\/\/ferienhof-wachtelberg.de\/wp-content\/uploads\/2022\/10\/Loftk\u00fcche1-1025x1536.jpg 1025w, https:\/\/ferienhof-wachtelberg.de\/wp-content\/uploads\/2022\/10\/Loftk\u00fcche1-1367x2048.jpg 1367w, https:\/\/ferienhof-wachtelberg.de\/wp-content\/uploads\/2022\/10\/Loftk\u00fcche1-scaled.jpg 1709w\" sizes=\"100vw\" \/>\n\t\t\t<\/div><\/figure><figure class='gallery-item'>\n\t\t\t<div class='gallery-icon portrait'>\n\t\t\t\t<img width=\"525\" height=\"786\" src=\"https:\/\/ferienhof-wachtelberg.de\/wp-content\/uploads\/2022\/10\/Loftk\u00fcche3-684x1024.jpg\" class=\"attachment-large size-large\" alt=\"\" decoding=\"async\" loading=\"lazy\" srcset=\"https:\/\/ferienhof-wachtelberg.de\/wp-content\/uploads\/2022\/10\/Loftk\u00fcche3-684x1024.jpg 684w, https:\/\/ferienhof-wachtelberg.de\/wp-content\/uploads\/2022\/10\/Loftk\u00fcche3-200x300.jpg 200w, https:\/\/ferienhof-wachtelberg.de\/wp-content\/uploads\/2022\/10\/Loftk\u00fcche3-768x1150.jpg 768w, https:\/\/ferienhof-wachtelberg.de\/wp-content\/uploads\/2022\/10\/Loftk\u00fcche3-1025x1536.jpg 1025w, https:\/\/ferienhof-wachtelberg.de\/wp-content\/uploads\/2022\/10\/Loftk\u00fcche3-1367x2048.jpg 1367w, https:\/\/ferienhof-wachtelberg.de\/wp-content\/uploads\/2022\/10\/Loftk\u00fcche3-scaled.jpg 1709w\" sizes=\"100vw\" \/>\n\t\t\t<\/div><\/figure><figure class='gallery-item'>\n\t\t\t<div class='gallery-icon landscape'>\n\t\t\t\t<img width=\"525\" height=\"351\" src=\"https:\/\/ferienhof-wachtelberg.de\/wp-content\/uploads\/2022\/10\/Loftk\u00fcche-1024x684.jpg\" class=\"attachment-large size-large\" alt=\"\" decoding=\"async\" loading=\"lazy\" srcset=\"https:\/\/ferienhof-wachtelberg.de\/wp-content\/uploads\/2022\/10\/Loftk\u00fcche-1024x684.jpg 1024w, https:\/\/ferienhof-wachtelberg.de\/wp-content\/uploads\/2022\/10\/Loftk\u00fcche-300x200.jpg 300w, https:\/\/ferienhof-wachtelberg.de\/wp-content\/uploads\/2022\/10\/Loftk\u00fcche-768x513.jpg 768w, https:\/\/ferienhof-wachtelberg.de\/wp-content\/uploads\/2022\/10\/Loftk\u00fcche-1536x1025.jpg 1536w, https:\/\/ferienhof-wachtelberg.de\/wp-content\/uploads\/2022\/10\/Loftk\u00fcche-2048x1367.jpg 2048w, https:\/\/ferienhof-wachtelberg.de\/wp-content\/uploads\/2022\/10\/Loftk\u00fcche-272x182.jpg 272w\" sizes=\"100vw\" \/>\n\t\t\t<\/div><\/figure><figure class='gallery-item'>\n\t\t\t<div class='gallery-icon landscape'>\n\t\t\t\t<img width=\"525\" height=\"351\" src=\"https:\/\/ferienhof-wachtelberg.de\/wp-content\/uploads\/2022\/10\/Loftdraussen7-1024x684.jpg\" class=\"attachment-large size-large\" alt=\"\" decoding=\"async\" loading=\"lazy\" srcset=\"https:\/\/ferienhof-wachtelberg.de\/wp-content\/uploads\/2022\/10\/Loftdraussen7-1024x684.jpg 1024w, https:\/\/ferienhof-wachtelberg.de\/wp-content\/uploads\/2022\/10\/Loftdraussen7-300x200.jpg 300w, https:\/\/ferienhof-wachtelberg.de\/wp-content\/uploads\/2022\/10\/Loftdraussen7-768x513.jpg 768w, https:\/\/ferienhof-wachtelberg.de\/wp-content\/uploads\/2022\/10\/Loftdraussen7-1536x1025.jpg 1536w, https:\/\/ferienhof-wachtelberg.de\/wp-content\/uploads\/2022\/10\/Loftdraussen7-2048x1367.jpg 2048w, https:\/\/ferienhof-wachtelberg.de\/wp-content\/uploads\/2022\/10\/Loftdraussen7-272x182.jpg 272w\" sizes=\"100vw\" \/>\n\t\t\t<\/div><\/figure><figure class='gallery-item'>\n\t\t\t<div class='gallery-icon landscape'>\n\t\t\t\t<img width=\"525\" height=\"351\" src=\"https:\/\/ferienhof-wachtelberg.de\/wp-content\/uploads\/2022\/10\/Loftdraussen6-1024x684.jpg\" class=\"attachment-large size-large\" alt=\"\" decoding=\"async\" loading=\"lazy\" srcset=\"https:\/\/ferienhof-wachtelberg.de\/wp-content\/uploads\/2022\/10\/Loftdraussen6-1024x684.jpg 1024w, https:\/\/ferienhof-wachtelberg.de\/wp-content\/uploads\/2022\/10\/Loftdraussen6-300x200.jpg 300w, https:\/\/ferienhof-wachtelberg.de\/wp-content\/uploads\/2022\/10\/Loftdraussen6-768x513.jpg 768w, https:\/\/ferienhof-wachtelberg.de\/wp-content\/uploads\/2022\/10\/Loftdraussen6-1536x1025.jpg 1536w, https:\/\/ferienhof-wachtelberg.de\/wp-content\/uploads\/2022\/10\/Loftdraussen6-2048x1367.jpg 2048w, https:\/\/ferienhof-wachtelberg.de\/wp-content\/uploads\/2022\/10\/Loftdraussen6-272x182.jpg 272w\" sizes=\"100vw\" \/>\n\t\t\t<\/div><\/figure><figure class='gallery-item'>\n\t\t\t<div class='gallery-icon portrait'>\n\t\t\t\t<img width=\"525\" height=\"786\" src=\"https:\/\/ferienhof-wachtelberg.de\/wp-content\/uploads\/2022\/10\/Loftdraussen-684x1024.jpg\" class=\"attachment-large size-large\" alt=\"\" decoding=\"async\" loading=\"lazy\" srcset=\"https:\/\/ferienhof-wachtelberg.de\/wp-content\/uploads\/2022\/10\/Loftdraussen-684x1024.jpg 684w, https:\/\/ferienhof-wachtelberg.de\/wp-content\/uploads\/2022\/10\/Loftdraussen-200x300.jpg 200w, https:\/\/ferienhof-wachtelberg.de\/wp-content\/uploads\/2022\/10\/Loftdraussen-768x1150.jpg 768w, https:\/\/ferienhof-wachtelberg.de\/wp-content\/uploads\/2022\/10\/Loftdraussen-1025x1536.jpg 1025w, https:\/\/ferienhof-wachtelberg.de\/wp-content\/uploads\/2022\/10\/Loftdraussen-1367x2048.jpg 1367w, https:\/\/ferienhof-wachtelberg.de\/wp-content\/uploads\/2022\/10\/Loftdraussen-scaled.jpg 1709w\" sizes=\"100vw\" \/>\n\t\t\t<\/div><\/figure><figure class='gallery-item'>\n\t\t\t<div class='gallery-icon portrait'>\n\t\t\t\t<img width=\"525\" height=\"786\" src=\"https:\/\/ferienhof-wachtelberg.de\/wp-content\/uploads\/2022\/10\/LoftBad2-684x1024.jpg\" class=\"attachment-large size-large\" alt=\"\" decoding=\"async\" loading=\"lazy\" srcset=\"https:\/\/ferienhof-wachtelberg.de\/wp-content\/uploads\/2022\/10\/LoftBad2-684x1024.jpg 684w, https:\/\/ferienhof-wachtelberg.de\/wp-content\/uploads\/2022\/10\/LoftBad2-200x300.jpg 200w, https:\/\/ferienhof-wachtelberg.de\/wp-content\/uploads\/2022\/10\/LoftBad2-768x1150.jpg 768w, https:\/\/ferienhof-wachtelberg.de\/wp-content\/uploads\/2022\/10\/LoftBad2-1025x1536.jpg 1025w, https:\/\/ferienhof-wachtelberg.de\/wp-content\/uploads\/2022\/10\/LoftBad2-1367x2048.jpg 1367w, https:\/\/ferienhof-wachtelberg.de\/wp-content\/uploads\/2022\/10\/LoftBad2-scaled.jpg 1709w\" sizes=\"100vw\" \/>\n\t\t\t<\/div><\/figure><figure class='gallery-item'>\n\t\t\t<div class='gallery-icon portrait'>\n\t\t\t\t<img width=\"525\" height=\"786\" src=\"https:\/\/ferienhof-wachtelberg.de\/wp-content\/uploads\/2022\/10\/LoftBad4-684x1024.jpg\" class=\"attachment-large size-large\" alt=\"\" decoding=\"async\" loading=\"lazy\" srcset=\"https:\/\/ferienhof-wachtelberg.de\/wp-content\/uploads\/2022\/10\/LoftBad4-684x1024.jpg 684w, https:\/\/ferienhof-wachtelberg.de\/wp-content\/uploads\/2022\/10\/LoftBad4-200x300.jpg 200w, https:\/\/ferienhof-wachtelberg.de\/wp-content\/uploads\/2022\/10\/LoftBad4-768x1150.jpg 768w, https:\/\/ferienhof-wachtelberg.de\/wp-content\/uploads\/2022\/10\/LoftBad4-1025x1536.jpg 1025w, https:\/\/ferienhof-wachtelberg.de\/wp-content\/uploads\/2022\/10\/LoftBad4-1367x2048.jpg 1367w, https:\/\/ferienhof-wachtelberg.de\/wp-content\/uploads\/2022\/10\/LoftBad4-scaled.jpg 1709w\" sizes=\"100vw\" \/>\n\t\t\t<\/div><\/figure><figure class='gallery-item'>\n\t\t\t<div class='gallery-icon landscape'>\n\t\t\t\t<img width=\"525\" height=\"351\" src=\"https:\/\/ferienhof-wachtelberg.de\/wp-content\/uploads\/2022\/10\/LoftBad3-1024x684.jpg\" class=\"attachment-large size-large\" alt=\"\" decoding=\"async\" loading=\"lazy\" srcset=\"https:\/\/ferienhof-wachtelberg.de\/wp-content\/uploads\/2022\/10\/LoftBad3-1024x684.jpg 1024w, https:\/\/ferienhof-wachtelberg.de\/wp-content\/uploads\/2022\/10\/LoftBad3-300x200.jpg 300w, https:\/\/ferienhof-wachtelberg.de\/wp-content\/uploads\/2022\/10\/LoftBad3-768x513.jpg 768w, https:\/\/ferienhof-wachtelberg.de\/wp-content\/uploads\/2022\/10\/LoftBad3-1536x1025.jpg 1536w, https:\/\/ferienhof-wachtelberg.de\/wp-content\/uploads\/2022\/10\/LoftBad3-2048x1367.jpg 2048w, https:\/\/ferienhof-wachtelberg.de\/wp-content\/uploads\/2022\/10\/LoftBad3-272x182.jpg 272w\" sizes=\"100vw\" \/>\n\t\t\t<\/div><\/figure><figure class='gallery-item'>\n\t\t\t<div class='gallery-icon landscape'>\n\t\t\t\t<img width=\"525\" height=\"351\" src=\"https:\/\/ferienhof-wachtelberg.de\/wp-content\/uploads\/2022\/10\/LoftSZ3-1024x684.jpg\" class=\"attachment-large size-large\" alt=\"\" decoding=\"async\" loading=\"lazy\" srcset=\"https:\/\/ferienhof-wachtelberg.de\/wp-content\/uploads\/2022\/10\/LoftSZ3-1024x684.jpg 1024w, https:\/\/ferienhof-wachtelberg.de\/wp-content\/uploads\/2022\/10\/LoftSZ3-300x200.jpg 300w, https:\/\/ferienhof-wachtelberg.de\/wp-content\/uploads\/2022\/10\/LoftSZ3-768x513.jpg 768w, https:\/\/ferienhof-wachtelberg.de\/wp-content\/uploads\/2022\/10\/LoftSZ3-1536x1025.jpg 1536w, https:\/\/ferienhof-wachtelberg.de\/wp-content\/uploads\/2022\/10\/LoftSZ3-2048x1367.jpg 2048w, https:\/\/ferienhof-wachtelberg.de\/wp-content\/uploads\/2022\/10\/LoftSZ3-272x182.jpg 272w\" sizes=\"100vw\" \/>\n\t\t\t<\/div><\/figure><figure class='gallery-item'>\n\t\t\t<div class='gallery-icon landscape'>\n\t\t\t\t<img width=\"525\" height=\"351\" src=\"https:\/\/ferienhof-wachtelberg.de\/wp-content\/uploads\/2022\/10\/LoftSZ1-1024x684.jpg\" class=\"attachment-large size-large\" alt=\"\" decoding=\"async\" loading=\"lazy\" srcset=\"https:\/\/ferienhof-wachtelberg.de\/wp-content\/uploads\/2022\/10\/LoftSZ1-1024x684.jpg 1024w, https:\/\/ferienhof-wachtelberg.de\/wp-content\/uploads\/2022\/10\/LoftSZ1-300x200.jpg 300w, https:\/\/ferienhof-wachtelberg.de\/wp-content\/uploads\/2022\/10\/LoftSZ1-768x513.jpg 768w, https:\/\/ferienhof-wachtelberg.de\/wp-content\/uploads\/2022\/10\/LoftSZ1-1536x1025.jpg 1536w, https:\/\/ferienhof-wachtelberg.de\/wp-content\/uploads\/2022\/10\/LoftSZ1-2048x1367.jpg 2048w, https:\/\/ferienhof-wachtelberg.de\/wp-content\/uploads\/2022\/10\/LoftSZ1-272x182.jpg 272w\" sizes=\"100vw\" \/>\n\t\t\t<\/div><\/figure><figure class='gallery-item'>\n\t\t\t<div class='gallery-icon portrait'>\n\t\t\t\t<img width=\"525\" height=\"786\" src=\"https:\/\/ferienhof-wachtelberg.de\/wp-content\/uploads\/2022\/10\/LoftSZ-684x1024.jpg\" class=\"attachment-large size-large\" alt=\"\" decoding=\"async\" loading=\"lazy\" srcset=\"https:\/\/ferienhof-wachtelberg.de\/wp-content\/uploads\/2022\/10\/LoftSZ-684x1024.jpg 684w, https:\/\/ferienhof-wachtelberg.de\/wp-content\/uploads\/2022\/10\/LoftSZ-200x300.jpg 200w, https:\/\/ferienhof-wachtelberg.de\/wp-content\/uploads\/2022\/10\/LoftSZ-768x1150.jpg 768w, https:\/\/ferienhof-wachtelberg.de\/wp-content\/uploads\/2022\/10\/LoftSZ-1025x1536.jpg 1025w, https:\/\/ferienhof-wachtelberg.de\/wp-content\/uploads\/2022\/10\/LoftSZ-1367x2048.jpg 1367w, https:\/\/ferienhof-wachtelberg.de\/wp-content\/uploads\/2022\/10\/LoftSZ-scaled.jpg 1709w\" sizes=\"100vw\" \/>\n\t\t\t<\/div><\/figure><figure class='gallery-item'>\n\t\t\t<div class='gallery-icon landscape'>\n\t\t\t\t<img width=\"525\" height=\"350\" src=\"https:\/\/ferienhof-wachtelberg.de\/wp-content\/uploads\/2020\/07\/slider-loft-04.jpg\" class=\"attachment-large size-large\" alt=\"\" decoding=\"async\" loading=\"lazy\" srcset=\"https:\/\/ferienhof-wachtelberg.de\/wp-content\/uploads\/2020\/07\/slider-loft-04.jpg 840w, https:\/\/ferienhof-wachtelberg.de\/wp-content\/uploads\/2020\/07\/slider-loft-04-300x200.jpg 300w, https:\/\/ferienhof-wachtelberg.de\/wp-content\/uploads\/2020\/07\/slider-loft-04-768x512.jpg 768w, https:\/\/ferienhof-wachtelberg.de\/wp-content\/uploads\/2020\/07\/slider-loft-04-272x182.jpg 272w\" sizes=\"100vw\" \/>\n\t\t\t<\/div><\/figure>\n\t\t<\/div>\n<\/div><\/div><\/div><\/div>","protected":false},"excerpt":{"rendered":"<p>Ferienwohnung Loft Das Loft ist unsere neue Wohnung im ersten Stock vom Landhaus. Hier gibt es einen gro\u00dfen Raum, wo der Schlafbereich mit einer Doppel und einer Einzel Koje auf euch wartet. Eine K\u00fcche ist ebenfalls vorhanden und mit allem n\u00f6tigen ausgestattet. Eine gem\u00fctliche Sofaecke mit TV kann es kaum erwarten, von euch genutzt zu &hellip; <\/p>\n<p class=\"link-more\"><a href=\"https:\/\/ferienhof-wachtelberg.de\/?page_id=38\" class=\"more-link\"><span class=\"screen-reader-text\">\u201eLoft FeWo\u201c<\/span> weiterlesen<\/a><\/p>\n","protected":false},"author":1,"featured_media":0,"parent":16,"menu_order":3,"comment_status":"closed","ping_status":"closed","template":"","meta":[],"_links":{"self":[{"href":"https:\/\/ferienhof-wachtelberg.de\/index.php?rest_route=\/wp\/v2\/pages\/38"}],"collection":[{"href":"https:\/\/ferienhof-wachtelberg.de\/index.php?rest_route=\/wp\/v2\/pages"}],"about":[{"href":"https:\/\/ferienhof-wachtelberg.de\/index.php?rest_route=\/wp\/v2\/types\/page"}],"author":[{"embeddable":true,"href":"https:\/\/ferienhof-wachtelberg.de\/index.php?rest_route=\/wp\/v2\/users\/1"}],"replies":[{"embeddable":true,"href":"https:\/\/ferienhof-wachtelberg.de\/index.php?rest_route=%2Fwp%2Fv2%2Fcomments&post=38"}],"version-history":[{"count":52,"href":"https:\/\/ferienhof-wachtelberg.de\/index.php?rest_route=\/wp\/v2\/pages\/38\/revisions"}],"predecessor-version":[{"id":523,"href":"https:\/\/ferienhof-wachtelberg.de\/index.php?rest_route=\/wp\/v2\/pages\/38\/revisions\/523"}],"up":[{"embeddable":true,"href":"https:\/\/ferienhof-wachtelberg.de\/index.php?rest_route=\/wp\/v2\/pages\/16"}],"wp:attachment":[{"href":"https:\/\/ferienhof-wachtelberg.de\/index.php?rest_route=%2Fwp%2Fv2%2Fmedia&parent=38"}],"curies":[{"name":"wp","href":"https:\/\/api.w.org\/{rel}","templated":true}]}}