{"id":360,"date":"2019-10-06T21:11:48","date_gmt":"2019-10-06T19:11:48","guid":{"rendered":"http:\/\/corade.com\/ferienhof\/?page_id=360"},"modified":"2019-10-06T23:13:24","modified_gmt":"2019-10-06T21:13:24","slug":"events","status":"publish","type":"page","link":"https:\/\/ferienhof-wachtelberg.de\/?page_id=360","title":{"rendered":"Events"},"content":{"rendered":"<div id=\"pl-360\"  class=\"panel-layout\" ><div id=\"pg-360-0\"  class=\"panel-grid panel-no-style\" ><div id=\"pgc-360-0-0\"  class=\"panel-grid-cell\" ><div id=\"panel-360-0-0-0\" class=\"so-panel widget widget_media_image panel-first-child panel-last-child\" data-index=\"0\" ><img width=\"1200\" height=\"610\" src=\"https:\/\/ferienhof-wachtelberg.de\/wp-content\/uploads\/2019\/10\/event.jpg\" class=\"image wp-image-397  attachment-full size-full\" alt=\"\" decoding=\"async\" loading=\"lazy\" style=\"max-width: 100%; height: auto;\" srcset=\"https:\/\/ferienhof-wachtelberg.de\/wp-content\/uploads\/2019\/10\/event.jpg 1200w, https:\/\/ferienhof-wachtelberg.de\/wp-content\/uploads\/2019\/10\/event-300x153.jpg 300w, https:\/\/ferienhof-wachtelberg.de\/wp-content\/uploads\/2019\/10\/event-768x390.jpg 768w, https:\/\/ferienhof-wachtelberg.de\/wp-content\/uploads\/2019\/10\/event-1024x521.jpg 1024w\" sizes=\"100vw\" \/><\/div><\/div><\/div><div id=\"pg-360-1\"  class=\"panel-grid panel-no-style\" ><div id=\"pgc-360-1-0\"  class=\"panel-grid-cell\" ><div id=\"panel-360-1-0-0\" class=\"so-panel widget widget_media_image panel-first-child panel-last-child\" data-index=\"1\" ><img width=\"600\" height=\"500\" src=\"https:\/\/ferienhof-wachtelberg.de\/wp-content\/uploads\/2019\/10\/event-seite.jpg\" class=\"image wp-image-398  attachment-full size-full\" alt=\"\" decoding=\"async\" loading=\"lazy\" style=\"max-width: 100%; height: auto;\" srcset=\"https:\/\/ferienhof-wachtelberg.de\/wp-content\/uploads\/2019\/10\/event-seite.jpg 600w, https:\/\/ferienhof-wachtelberg.de\/wp-content\/uploads\/2019\/10\/event-seite-300x250.jpg 300w\" sizes=\"100vw\" \/><\/div><\/div><div id=\"pgc-360-1-1\"  class=\"panel-grid-cell\" ><div class=\"panel-cell-style panel-cell-style-for-360-1-1\" ><div id=\"panel-360-1-1-0\" class=\"so-panel widget widget_sow-editor panel-first-child panel-last-child\" data-index=\"2\" ><div\n\t\t\t\n\t\t\tclass=\"so-widget-sow-editor so-widget-sow-editor-base\"\n\t\t\t\n\t\t><h3 class=\"widget-title\">Events und Eventslocation<\/h3>\n<div class=\"siteorigin-widget-tinymce textwidget\">\n\t<p>Nutzt unsere idyllische Ferienhof Locatoin f\u00fcr Euer Event! F\u00fcr Anfragen und W\u00fcnsche besucht die <a href=\"http:\/\/corade.com\/ferienhof\/?page_id=22\">Kontaktseite<\/a>. Wir machen alles m\u00f6glich damit Euer Event einzigartig wird.<\/p>\n<\/div>\n<\/div><\/div><\/div><\/div><\/div><div id=\"pg-360-2\"  class=\"panel-grid panel-no-style\" ><div id=\"pgc-360-2-0\"  class=\"panel-grid-cell\" ><div id=\"panel-360-2-0-0\" class=\"so-panel widget widget_media_image panel-first-child panel-last-child\" data-index=\"3\" ><img width=\"1200\" height=\"567\" src=\"https:\/\/ferienhof-wachtelberg.de\/wp-content\/uploads\/2019\/10\/event-footer.jpg\" class=\"image wp-image-399  attachment-full size-full\" alt=\"\" decoding=\"async\" loading=\"lazy\" style=\"max-width: 100%; height: auto;\" srcset=\"https:\/\/ferienhof-wachtelberg.de\/wp-content\/uploads\/2019\/10\/event-footer.jpg 1200w, https:\/\/ferienhof-wachtelberg.de\/wp-content\/uploads\/2019\/10\/event-footer-300x142.jpg 300w, https:\/\/ferienhof-wachtelberg.de\/wp-content\/uploads\/2019\/10\/event-footer-768x363.jpg 768w, https:\/\/ferienhof-wachtelberg.de\/wp-content\/uploads\/2019\/10\/event-footer-1024x484.jpg 1024w\" sizes=\"100vw\" \/><\/div><\/div><\/div><\/div>","protected":false},"excerpt":{"rendered":"<p>Nutzt unsere idyllische Ferienhof Locatoin f\u00fcr Euer Event! F\u00fcr Anfragen und W\u00fcnsche besucht die Kontaktseite. Wir machen alles m\u00f6glich damit Euer Event einzigartig wird.<\/p>\n","protected":false},"author":1,"featured_media":0,"parent":0,"menu_order":2,"comment_status":"closed","ping_status":"closed","template":"","meta":[],"_links":{"self":[{"href":"https:\/\/ferienhof-wachtelberg.de\/index.php?rest_route=\/wp\/v2\/pages\/360"}],"collection":[{"href":"https:\/\/ferienhof-wachtelberg.de\/index.php?rest_route=\/wp\/v2\/pages"}],"about":[{"href":"https:\/\/ferienhof-wachtelberg.de\/index.php?rest_route=\/wp\/v2\/types\/page"}],"author":[{"embeddable":true,"href":"https:\/\/ferienhof-wachtelberg.de\/index.php?rest_route=\/wp\/v2\/users\/1"}],"replies":[{"embeddable":true,"href":"https:\/\/ferienhof-wachtelberg.de\/index.php?rest_route=%2Fwp%2Fv2%2Fcomments&post=360"}],"version-history":[{"count":8,"href":"https:\/\/ferienhof-wachtelberg.de\/index.php?rest_route=\/wp\/v2\/pages\/360\/revisions"}],"predecessor-version":[{"id":944,"href":"https:\/\/ferienhof-wachtelberg.de\/index.php?rest_route=\/wp\/v2\/pages\/360\/revisions\/944"}],"wp:attachment":[{"href":"https:\/\/ferienhof-wachtelberg.de\/index.php?rest_route=%2Fwp%2Fv2%2Fmedia&parent=360"}],"curies":[{"name":"wp","href":"https:\/\/api.w.org\/{rel}","templated":true}]}}