{"id":36,"date":"2019-07-15T22:37:28","date_gmt":"2019-07-15T20:37:28","guid":{"rendered":"http:\/\/corade.com\/ferienhof\/?page_id=36"},"modified":"2022-10-21T12:26:56","modified_gmt":"2022-10-21T10:26:56","slug":"kate","status":"publish","type":"page","link":"https:\/\/ferienhof-wachtelberg.de\/?page_id=36","title":{"rendered":"Kate"},"content":{"rendered":"<div id=\"pl-36\"  class=\"panel-layout\" ><div id=\"pg-36-0\"  class=\"panel-grid panel-no-style\" ><div id=\"pgc-36-0-0\"  class=\"panel-grid-cell\" ><div id=\"panel-36-0-0-0\" class=\"so-panel widget widget_media_image panel-first-child panel-last-child\" data-index=\"0\" ><img width=\"1200\" height=\"820\" src=\"https:\/\/ferienhof-wachtelberg.de\/wp-content\/uploads\/2019\/07\/kate.jpg\" class=\"image wp-image-88  attachment-full size-full\" alt=\"\" decoding=\"async\" loading=\"lazy\" style=\"max-width: 100%; height: auto;\" srcset=\"https:\/\/ferienhof-wachtelberg.de\/wp-content\/uploads\/2019\/07\/kate.jpg 1200w, https:\/\/ferienhof-wachtelberg.de\/wp-content\/uploads\/2019\/07\/kate-300x205.jpg 300w, https:\/\/ferienhof-wachtelberg.de\/wp-content\/uploads\/2019\/07\/kate-768x525.jpg 768w, https:\/\/ferienhof-wachtelberg.de\/wp-content\/uploads\/2019\/07\/kate-1024x700.jpg 1024w\" sizes=\"100vw\" \/><\/div><\/div><\/div><div id=\"pg-36-1\"  class=\"panel-grid panel-no-style\" ><div id=\"pgc-36-1-0\"  class=\"panel-grid-cell\" ><div id=\"panel-36-1-0-0\" class=\"so-panel widget widget_media_image panel-first-child panel-last-child\" data-index=\"1\" ><img width=\"840\" height=\"560\" src=\"https:\/\/ferienhof-wachtelberg.de\/wp-content\/uploads\/2020\/01\/slider-kate-00.jpg\" class=\"image wp-image-484  attachment-full size-full\" alt=\"\" decoding=\"async\" loading=\"lazy\" style=\"max-width: 100%; height: auto;\" srcset=\"https:\/\/ferienhof-wachtelberg.de\/wp-content\/uploads\/2020\/01\/slider-kate-00.jpg 840w, https:\/\/ferienhof-wachtelberg.de\/wp-content\/uploads\/2020\/01\/slider-kate-00-300x200.jpg 300w, https:\/\/ferienhof-wachtelberg.de\/wp-content\/uploads\/2020\/01\/slider-kate-00-768x512.jpg 768w, https:\/\/ferienhof-wachtelberg.de\/wp-content\/uploads\/2020\/01\/slider-kate-00-272x182.jpg 272w\" sizes=\"100vw\" \/><\/div><\/div><div id=\"pgc-36-1-1\"  class=\"panel-grid-cell\" ><div class=\"panel-cell-style panel-cell-style-for-36-1-1\" ><div id=\"panel-36-1-1-0\" class=\"so-panel widget widget_sow-editor panel-first-child panel-last-child\" data-index=\"2\" ><div\n\t\t\t\n\t\t\tclass=\"so-widget-sow-editor so-widget-sow-editor-base\"\n\t\t\t\n\t\t>\n<div class=\"siteorigin-widget-tinymce textwidget\">\n\t<h1>Kate<\/h1>\n<p>Die Kate ist perfekt f\u00fcr eine Famile. Im Elternschlafzimmer ist ein gem\u00fctliches Doppelbett und im Kinderzimmer steht ein Etagenbett, was \u2013 bei Bedarf \u2013 noch durch ein Kinderbettchen erg\u00e4nz werden kann. Im Badezimmer gibt es F\u00f6n und Waschmaschine. Die Kate ist frisch renoviert und kommt mit nagelneuer K\u00fcche daher. Im eigenen Garten steht eine Sitzgruppe die zum Chillen und Grillen einl\u00e4dt. Also los! Wir freuen uns ...<\/p>\n<\/div>\n<\/div><\/div><\/div><\/div><\/div><div id=\"pg-36-2\"  class=\"panel-grid panel-no-style\" ><div id=\"pgc-36-2-0\"  class=\"panel-grid-cell\" ><div id=\"panel-36-2-0-0\" class=\"so-panel widget widget_media_gallery panel-first-child panel-last-child\" data-index=\"3\" ><div id='gallery-1' class='gallery galleryid-36 gallery-columns-3 gallery-size-large'><figure class='gallery-item'>\n\t\t\t<div class='gallery-icon landscape'>\n\t\t\t\t<img width=\"525\" height=\"351\" src=\"https:\/\/ferienhof-wachtelberg.de\/wp-content\/uploads\/2022\/10\/Katehinten-1024x684.jpg\" class=\"attachment-large size-large\" alt=\"\" decoding=\"async\" loading=\"lazy\" srcset=\"https:\/\/ferienhof-wachtelberg.de\/wp-content\/uploads\/2022\/10\/Katehinten-1024x684.jpg 1024w, https:\/\/ferienhof-wachtelberg.de\/wp-content\/uploads\/2022\/10\/Katehinten-300x200.jpg 300w, https:\/\/ferienhof-wachtelberg.de\/wp-content\/uploads\/2022\/10\/Katehinten-768x513.jpg 768w, https:\/\/ferienhof-wachtelberg.de\/wp-content\/uploads\/2022\/10\/Katehinten-1536x1025.jpg 1536w, https:\/\/ferienhof-wachtelberg.de\/wp-content\/uploads\/2022\/10\/Katehinten-2048x1367.jpg 2048w, https:\/\/ferienhof-wachtelberg.de\/wp-content\/uploads\/2022\/10\/Katehinten-272x182.jpg 272w\" sizes=\"100vw\" \/>\n\t\t\t<\/div><\/figure><figure class='gallery-item'>\n\t\t\t<div class='gallery-icon landscape'>\n\t\t\t\t<img width=\"525\" height=\"351\" src=\"https:\/\/ferienhof-wachtelberg.de\/wp-content\/uploads\/2022\/10\/Katevorne1-1024x684.jpg\" class=\"attachment-large size-large\" alt=\"\" decoding=\"async\" loading=\"lazy\" srcset=\"https:\/\/ferienhof-wachtelberg.de\/wp-content\/uploads\/2022\/10\/Katevorne1-1024x684.jpg 1024w, https:\/\/ferienhof-wachtelberg.de\/wp-content\/uploads\/2022\/10\/Katevorne1-300x200.jpg 300w, https:\/\/ferienhof-wachtelberg.de\/wp-content\/uploads\/2022\/10\/Katevorne1-768x513.jpg 768w, https:\/\/ferienhof-wachtelberg.de\/wp-content\/uploads\/2022\/10\/Katevorne1-1536x1025.jpg 1536w, https:\/\/ferienhof-wachtelberg.de\/wp-content\/uploads\/2022\/10\/Katevorne1-2048x1367.jpg 2048w, https:\/\/ferienhof-wachtelberg.de\/wp-content\/uploads\/2022\/10\/Katevorne1-272x182.jpg 272w\" sizes=\"100vw\" \/>\n\t\t\t<\/div><\/figure><figure class='gallery-item'>\n\t\t\t<div class='gallery-icon landscape'>\n\t\t\t\t<img width=\"525\" height=\"351\" src=\"https:\/\/ferienhof-wachtelberg.de\/wp-content\/uploads\/2022\/10\/Pferde-1024x684.jpg\" class=\"attachment-large size-large\" alt=\"\" decoding=\"async\" loading=\"lazy\" srcset=\"https:\/\/ferienhof-wachtelberg.de\/wp-content\/uploads\/2022\/10\/Pferde-1024x684.jpg 1024w, https:\/\/ferienhof-wachtelberg.de\/wp-content\/uploads\/2022\/10\/Pferde-300x200.jpg 300w, https:\/\/ferienhof-wachtelberg.de\/wp-content\/uploads\/2022\/10\/Pferde-768x513.jpg 768w, https:\/\/ferienhof-wachtelberg.de\/wp-content\/uploads\/2022\/10\/Pferde-1536x1025.jpg 1536w, https:\/\/ferienhof-wachtelberg.de\/wp-content\/uploads\/2022\/10\/Pferde-2048x1367.jpg 2048w, https:\/\/ferienhof-wachtelberg.de\/wp-content\/uploads\/2022\/10\/Pferde-272x182.jpg 272w\" sizes=\"100vw\" \/>\n\t\t\t<\/div><\/figure><figure class='gallery-item'>\n\t\t\t<div class='gallery-icon landscape'>\n\t\t\t\t<img width=\"525\" height=\"350\" src=\"https:\/\/ferienhof-wachtelberg.de\/wp-content\/uploads\/2020\/01\/slider-kate-02.jpg\" class=\"attachment-large size-large\" alt=\"\" decoding=\"async\" loading=\"lazy\" srcset=\"https:\/\/ferienhof-wachtelberg.de\/wp-content\/uploads\/2020\/01\/slider-kate-02.jpg 840w, https:\/\/ferienhof-wachtelberg.de\/wp-content\/uploads\/2020\/01\/slider-kate-02-300x200.jpg 300w, https:\/\/ferienhof-wachtelberg.de\/wp-content\/uploads\/2020\/01\/slider-kate-02-768x512.jpg 768w, https:\/\/ferienhof-wachtelberg.de\/wp-content\/uploads\/2020\/01\/slider-kate-02-272x182.jpg 272w\" sizes=\"100vw\" \/>\n\t\t\t<\/div><\/figure><figure class='gallery-item'>\n\t\t\t<div class='gallery-icon landscape'>\n\t\t\t\t<img width=\"525\" height=\"350\" src=\"https:\/\/ferienhof-wachtelberg.de\/wp-content\/uploads\/2020\/01\/slider-kate-04.jpg\" class=\"attachment-large size-large\" alt=\"\" decoding=\"async\" loading=\"lazy\" srcset=\"https:\/\/ferienhof-wachtelberg.de\/wp-content\/uploads\/2020\/01\/slider-kate-04.jpg 840w, https:\/\/ferienhof-wachtelberg.de\/wp-content\/uploads\/2020\/01\/slider-kate-04-300x200.jpg 300w, https:\/\/ferienhof-wachtelberg.de\/wp-content\/uploads\/2020\/01\/slider-kate-04-768x512.jpg 768w, https:\/\/ferienhof-wachtelberg.de\/wp-content\/uploads\/2020\/01\/slider-kate-04-272x182.jpg 272w\" sizes=\"100vw\" \/>\n\t\t\t<\/div><\/figure><figure class='gallery-item'>\n\t\t\t<div class='gallery-icon landscape'>\n\t\t\t\t<img width=\"525\" height=\"350\" src=\"https:\/\/ferienhof-wachtelberg.de\/wp-content\/uploads\/2020\/01\/slider-kate-03.jpg\" class=\"attachment-large size-large\" alt=\"\" decoding=\"async\" loading=\"lazy\" srcset=\"https:\/\/ferienhof-wachtelberg.de\/wp-content\/uploads\/2020\/01\/slider-kate-03.jpg 840w, https:\/\/ferienhof-wachtelberg.de\/wp-content\/uploads\/2020\/01\/slider-kate-03-300x200.jpg 300w, https:\/\/ferienhof-wachtelberg.de\/wp-content\/uploads\/2020\/01\/slider-kate-03-768x512.jpg 768w, https:\/\/ferienhof-wachtelberg.de\/wp-content\/uploads\/2020\/01\/slider-kate-03-272x182.jpg 272w\" sizes=\"100vw\" \/>\n\t\t\t<\/div><\/figure><figure class='gallery-item'>\n\t\t\t<div class='gallery-icon portrait'>\n\t\t\t\t<img width=\"525\" height=\"786\" src=\"https:\/\/ferienhof-wachtelberg.de\/wp-content\/uploads\/2022\/10\/Katehinten1-684x1024.jpg\" class=\"attachment-large size-large\" alt=\"\" decoding=\"async\" loading=\"lazy\" srcset=\"https:\/\/ferienhof-wachtelberg.de\/wp-content\/uploads\/2022\/10\/Katehinten1-684x1024.jpg 684w, https:\/\/ferienhof-wachtelberg.de\/wp-content\/uploads\/2022\/10\/Katehinten1-200x300.jpg 200w, https:\/\/ferienhof-wachtelberg.de\/wp-content\/uploads\/2022\/10\/Katehinten1-768x1150.jpg 768w, https:\/\/ferienhof-wachtelberg.de\/wp-content\/uploads\/2022\/10\/Katehinten1-1025x1536.jpg 1025w, https:\/\/ferienhof-wachtelberg.de\/wp-content\/uploads\/2022\/10\/Katehinten1-1367x2048.jpg 1367w, https:\/\/ferienhof-wachtelberg.de\/wp-content\/uploads\/2022\/10\/Katehinten1-scaled.jpg 1709w\" sizes=\"100vw\" \/>\n\t\t\t<\/div><\/figure><figure class='gallery-item'>\n\t\t\t<div class='gallery-icon portrait'>\n\t\t\t\t<img width=\"525\" height=\"786\" src=\"https:\/\/ferienhof-wachtelberg.de\/wp-content\/uploads\/2022\/10\/KateBad-684x1024.jpg\" class=\"attachment-large size-large\" alt=\"\" decoding=\"async\" loading=\"lazy\" srcset=\"https:\/\/ferienhof-wachtelberg.de\/wp-content\/uploads\/2022\/10\/KateBad-684x1024.jpg 684w, https:\/\/ferienhof-wachtelberg.de\/wp-content\/uploads\/2022\/10\/KateBad-200x300.jpg 200w, https:\/\/ferienhof-wachtelberg.de\/wp-content\/uploads\/2022\/10\/KateBad-768x1150.jpg 768w, https:\/\/ferienhof-wachtelberg.de\/wp-content\/uploads\/2022\/10\/KateBad-1025x1536.jpg 1025w, https:\/\/ferienhof-wachtelberg.de\/wp-content\/uploads\/2022\/10\/KateBad-1367x2048.jpg 1367w, https:\/\/ferienhof-wachtelberg.de\/wp-content\/uploads\/2022\/10\/KateBad-scaled.jpg 1709w\" sizes=\"100vw\" \/>\n\t\t\t<\/div><\/figure><figure class='gallery-item'>\n\t\t\t<div class='gallery-icon portrait'>\n\t\t\t\t<img width=\"525\" height=\"786\" src=\"https:\/\/ferienhof-wachtelberg.de\/wp-content\/uploads\/2022\/10\/KateSZ-684x1024.jpg\" class=\"attachment-large size-large\" alt=\"\" decoding=\"async\" loading=\"lazy\" srcset=\"https:\/\/ferienhof-wachtelberg.de\/wp-content\/uploads\/2022\/10\/KateSZ-684x1024.jpg 684w, https:\/\/ferienhof-wachtelberg.de\/wp-content\/uploads\/2022\/10\/KateSZ-200x300.jpg 200w, https:\/\/ferienhof-wachtelberg.de\/wp-content\/uploads\/2022\/10\/KateSZ-768x1151.jpg 768w, https:\/\/ferienhof-wachtelberg.de\/wp-content\/uploads\/2022\/10\/KateSZ-1025x1536.jpg 1025w, https:\/\/ferienhof-wachtelberg.de\/wp-content\/uploads\/2022\/10\/KateSZ-1367x2048.jpg 1367w, https:\/\/ferienhof-wachtelberg.de\/wp-content\/uploads\/2022\/10\/KateSZ-scaled.jpg 1709w\" sizes=\"100vw\" \/>\n\t\t\t<\/div><\/figure><figure class='gallery-item'>\n\t\t\t<div class='gallery-icon portrait'>\n\t\t\t\t<img width=\"525\" height=\"786\" src=\"https:\/\/ferienhof-wachtelberg.de\/wp-content\/uploads\/2022\/10\/KateSZ3-684x1024.jpg\" class=\"attachment-large size-large\" alt=\"\" decoding=\"async\" loading=\"lazy\" srcset=\"https:\/\/ferienhof-wachtelberg.de\/wp-content\/uploads\/2022\/10\/KateSZ3-684x1024.jpg 684w, https:\/\/ferienhof-wachtelberg.de\/wp-content\/uploads\/2022\/10\/KateSZ3-200x300.jpg 200w, https:\/\/ferienhof-wachtelberg.de\/wp-content\/uploads\/2022\/10\/KateSZ3-768x1150.jpg 768w, https:\/\/ferienhof-wachtelberg.de\/wp-content\/uploads\/2022\/10\/KateSZ3-1025x1536.jpg 1025w, https:\/\/ferienhof-wachtelberg.de\/wp-content\/uploads\/2022\/10\/KateSZ3-1367x2048.jpg 1367w, https:\/\/ferienhof-wachtelberg.de\/wp-content\/uploads\/2022\/10\/KateSZ3-scaled.jpg 1709w\" sizes=\"100vw\" \/>\n\t\t\t<\/div><\/figure><figure class='gallery-item'>\n\t\t\t<div class='gallery-icon landscape'>\n\t\t\t\t<img width=\"525\" height=\"350\" src=\"https:\/\/ferienhof-wachtelberg.de\/wp-content\/uploads\/2020\/11\/Strand.jpg\" class=\"attachment-large size-large\" alt=\"\" decoding=\"async\" loading=\"lazy\" srcset=\"https:\/\/ferienhof-wachtelberg.de\/wp-content\/uploads\/2020\/11\/Strand.jpg 600w, https:\/\/ferienhof-wachtelberg.de\/wp-content\/uploads\/2020\/11\/Strand-300x200.jpg 300w, https:\/\/ferienhof-wachtelberg.de\/wp-content\/uploads\/2020\/11\/Strand-272x182.jpg 272w\" sizes=\"100vw\" \/>\n\t\t\t<\/div><\/figure>\n\t\t<\/div>\n<\/div><\/div><\/div><\/div>","protected":false},"excerpt":{"rendered":"<p>Kate Die Kate ist perfekt f\u00fcr eine Famile. Im Elternschlafzimmer ist ein gem\u00fctliches Doppelbett und im Kinderzimmer steht ein Etagenbett, was \u2013 bei Bedarf \u2013 noch durch ein Kinderbettchen erg\u00e4nz werden kann. Im Badezimmer gibt es F\u00f6n und Waschmaschine. Die Kate ist frisch renoviert und kommt mit nagelneuer K\u00fcche daher. Im eigenen Garten steht eine &hellip; <\/p>\n<p class=\"link-more\"><a href=\"https:\/\/ferienhof-wachtelberg.de\/?page_id=36\" class=\"more-link\"><span class=\"screen-reader-text\">\u201eKate\u201c<\/span> weiterlesen<\/a><\/p>\n","protected":false},"author":1,"featured_media":0,"parent":16,"menu_order":1,"comment_status":"closed","ping_status":"closed","template":"","meta":[],"_links":{"self":[{"href":"https:\/\/ferienhof-wachtelberg.de\/index.php?rest_route=\/wp\/v2\/pages\/36"}],"collection":[{"href":"https:\/\/ferienhof-wachtelberg.de\/index.php?rest_route=\/wp\/v2\/pages"}],"about":[{"href":"https:\/\/ferienhof-wachtelberg.de\/index.php?rest_route=\/wp\/v2\/types\/page"}],"author":[{"embeddable":true,"href":"https:\/\/ferienhof-wachtelberg.de\/index.php?rest_route=\/wp\/v2\/users\/1"}],"replies":[{"embeddable":true,"href":"https:\/\/ferienhof-wachtelberg.de\/index.php?rest_route=%2Fwp%2Fv2%2Fcomments&post=36"}],"version-history":[{"count":36,"href":"https:\/\/ferienhof-wachtelberg.de\/index.php?rest_route=\/wp\/v2\/pages\/36\/revisions"}],"predecessor-version":[{"id":493,"href":"https:\/\/ferienhof-wachtelberg.de\/index.php?rest_route=\/wp\/v2\/pages\/36\/revisions\/493"}],"up":[{"embeddable":true,"href":"https:\/\/ferienhof-wachtelberg.de\/index.php?rest_route=\/wp\/v2\/pages\/16"}],"wp:attachment":[{"href":"https:\/\/ferienhof-wachtelberg.de\/index.php?rest_route=%2Fwp%2Fv2%2Fmedia&parent=36"}],"curies":[{"name":"wp","href":"https:\/\/api.w.org\/{rel}","templated":true}]}}