{"id":333,"date":"2019-08-21T09:41:39","date_gmt":"2019-08-21T07:41:39","guid":{"rendered":"http:\/\/corade.com\/ferienhof\/?page_id=333"},"modified":"2019-10-06T21:33:38","modified_gmt":"2019-10-06T19:33:38","slug":"allgemeine-geschaeftsbedingungen-hausordnung-ferienhof-wachtelberg-fehmarn","status":"publish","type":"page","link":"https:\/\/ferienhof-wachtelberg.de\/?page_id=333","title":{"rendered":"AGBs"},"content":{"rendered":"<div id=\"pl-333\"  class=\"panel-layout\" ><div id=\"pg-333-0\"  class=\"panel-grid panel-has-style\" ><div class=\"panel-row-style panel-row-style-for-333-0\" ><div id=\"pgc-333-0-0\"  class=\"panel-grid-cell\" ><div id=\"panel-333-0-0-0\" class=\"so-panel widget widget_text panel-first-child panel-last-child\" data-index=\"0\" ><div class=\"panel-widget-style panel-widget-style-for-333-0-0-0\" ><h3 class=\"widget-title\">Allgemeine Gesch\u00e4ftsbedingungen \u2013 Hausordnung \u2013 Ferienhof Wachtelberg\/Fehmarn<\/h3>\t\t\t<div class=\"textwidget\"><p><strong>1. Buchungen<\/strong><br \/>\nEine Buchung gilt als verbindlich abgeschlossen, sobald die Mietvereinbarung\/der Beherbergungsvertrag f\u00fcr das zugesagte Mietobjekt per Email best\u00e4tigt ist. Beide Partner sind zur Erf\u00fcllung des Vertrages verpflichtet, gleichg\u00fcltig, auf welche Dauer dieser abgeschlossen ist. Der Mieter muss sich bei Nichtinanspruchnahme der vertraglichen Leistung, egal aus welchen Gr\u00fcnden, sp\u00e4testens bis Ende Februar eines Jahres melden (Gruppenferienhaus Wachtelberg \u2013 Baude). Danach ist eine Neuvermietung des Gruppenhauses f\u00fcr das laufende Jahr nahezu aussichtslos, weswegen die unten genannten Kosten anfallen. Der Mieter hat allerdings auch die M\u00f6glichkeit, die Mietvereinbarung an Dritte weiter zu geben bzw. abzutreten, wenn er selbst den gebuchten Termin nicht wahrnehmen kann. Die Mindestmietzeit betr\u00e4gt drei \u00dcbernachtungen!<\/p>\n<p><strong>2. Anmeldung \/ Zahlung<\/strong><br \/>\n2.1 Die Reiseanmeldung ist ein verbindliches Angebot zum Abschluss eines Beherbergungsvertrages mit dem Gruppenferienhaus Wachtelberg \u2013 Baude oder dem Familienferienhaus Wachtelberg \u2013 Kate. Bei Gruppenreisen ist ein entsprechendes Schreiben \u00fcber den Tr\u00e4ger (Verein, Schule, Einrichtung) an den Vermieter zu richten.<br \/>\n2.2 Der Abschluss eines Beherbergungsvertrages setzt die Anerkennung dieser Allgemeinen Gesch\u00e4ftsbedingungen durch den Mieter voraus.<br \/>\n2.3 Mit dem Beherbergungsvertrag erh\u00e4lt der Reiseanmelder eine Anzahlungsrechnung. Die Anzahlung betr\u00e4gt 50% der vertraglich fixierten Leistungen. Erfolgt diese Zahlung nicht termin- gem\u00e4\u00df, besteht kein Leistungsanspruch an das jeweilige Mietobjekt. Der Restbetrag ist 21 Tage vor Anreisetermin zu \u00fcberweisen. Bei Abreise werden die verbrauchsbedingt entstandenen Kosten f\u00fcr Wasser, Strom und Heizung abgerechnet.<\/p>\n<p><strong>3. Stornierung<\/strong><br \/>\nDie R\u00fccktrittserkl\u00e4rung einer gebuchten Reise\/Unterkunft ist an den Ferienhof Wachtelberg zu richten und bedarf der Schriftform. Wird die Reise 4 Monate vor Antritt storniert, erh\u00e4lt der Mieter die Anzahlung in H\u00f6he von 50% zur H\u00e4lfte zur\u00fcck. Sollte kurzfristiger storniert werden beh\u00e4lt der Vermieter die Anzahlung ein.<\/p>\n<p><strong>4. Haftung<\/strong><br \/>\nDas Ferienhof Wachtelberg haftet nur f\u00fcr eventuelle Buchungsfehler innerhalb des eigenen Leistungsangebotes. Die Haftung beschr\u00e4nkt sich auf den einfachen Reisepreis.<\/p>\n<p><strong>5. Hausordnung<\/strong><\/p>\n<ul>\n<li>Die R\u00e4umlichkeiten werden Besenrein an den Vermieter \u00fcbergeben<\/li>\n<li>Es herrscht Rauchverbot in den R\u00e4umlichkeiten<\/li>\n<li>Die von der Gemeinde vorgeschriebenen Ruhezeiten (Mittagsruhe, Nachtruhe sowie Sonn- und Feiertagsruhe) sind einzuhalten. Zwischen 22:00 Uhr und 7:00 Uhr sollten sich die G\u00e4ste mit R\u00fccksicht auf die Nachbarn ruhig verhalten<\/li>\n<li>Das Betreten der R\u00e4ume durch den Vermieter und dessen Personal zu Reinigungs- und Instandsetzungszwecken ist erlaubt<\/li>\n<li>Der Vermieter haftet nicht f\u00fcr Gegenst\u00e4nde des Gastes. Dies betrifft Diebstahl, Untergang der Sache durch Brand, Wasser o.\u00e4.<\/li>\n<li>Besch\u00e4digungen m\u00fcssen sofort gemeldet werden. Der Vermieter wird die Besch\u00e4digung, die der Mieter nicht selbst zu verantworten hat<\/li>\n<\/ul>\n<p><strong>6. Sonstiges<\/strong><br \/>\nAusschlie\u00dflicher Gerichtsstand ist Hamburg.<\/p>\n<\/div>\n\t\t<\/div><\/div><\/div><\/div><\/div><\/div>","protected":false},"excerpt":{"rendered":"<p>1. Buchungen Eine Buchung gilt als verbindlich abgeschlossen, sobald die Mietvereinbarung\/der Beherbergungsvertrag f\u00fcr das zugesagte Mietobjekt per Email best\u00e4tigt ist. Beide Partner sind zur Erf\u00fcllung des Vertrages verpflichtet, gleichg\u00fcltig, auf welche Dauer dieser abgeschlossen ist. Der Mieter muss sich bei Nichtinanspruchnahme der vertraglichen Leistung, egal aus welchen Gr\u00fcnden, sp\u00e4testens bis Ende Februar eines Jahres melden &hellip; <\/p>\n<p class=\"link-more\"><a href=\"https:\/\/ferienhof-wachtelberg.de\/?page_id=333\" class=\"more-link\"><span class=\"screen-reader-text\">\u201eAGBs\u201c<\/span> weiterlesen<\/a><\/p>\n","protected":false},"author":1,"featured_media":0,"parent":0,"menu_order":8,"comment_status":"closed","ping_status":"closed","template":"","meta":[],"_links":{"self":[{"href":"https:\/\/ferienhof-wachtelberg.de\/index.php?rest_route=\/wp\/v2\/pages\/333"}],"collection":[{"href":"https:\/\/ferienhof-wachtelberg.de\/index.php?rest_route=\/wp\/v2\/pages"}],"about":[{"href":"https:\/\/ferienhof-wachtelberg.de\/index.php?rest_route=\/wp\/v2\/types\/page"}],"author":[{"embeddable":true,"href":"https:\/\/ferienhof-wachtelberg.de\/index.php?rest_route=\/wp\/v2\/users\/1"}],"replies":[{"embeddable":true,"href":"https:\/\/ferienhof-wachtelberg.de\/index.php?rest_route=%2Fwp%2Fv2%2Fcomments&post=333"}],"version-history":[{"count":4,"href":"https:\/\/ferienhof-wachtelberg.de\/index.php?rest_route=\/wp\/v2\/pages\/333\/revisions"}],"predecessor-version":[{"id":369,"href":"https:\/\/ferienhof-wachtelberg.de\/index.php?rest_route=\/wp\/v2\/pages\/333\/revisions\/369"}],"wp:attachment":[{"href":"https:\/\/ferienhof-wachtelberg.de\/index.php?rest_route=%2Fwp%2Fv2%2Fmedia&parent=333"}],"curies":[{"name":"wp","href":"https:\/\/api.w.org\/{rel}","templated":true}]}}