{"id":24,"date":"2019-07-15T22:31:43","date_gmt":"2019-07-15T20:31:43","guid":{"rendered":"http:\/\/corade.com\/ferienhof\/?page_id=24"},"modified":"2020-11-20T12:17:24","modified_gmt":"2020-11-20T11:17:24","slug":"home","status":"publish","type":"page","link":"https:\/\/ferienhof-wachtelberg.de\/","title":{"rendered":"Home"},"content":{"rendered":"<div id=\"pl-24\"  class=\"panel-layout\" ><div id=\"pg-24-0\"  class=\"panel-grid panel-no-style\" ><div id=\"pgc-24-0-0\"  class=\"panel-grid-cell\" ><div id=\"panel-24-0-0-0\" class=\"so-panel widget widget_media_image panel-first-child panel-last-child\" data-index=\"0\" ><img width=\"1200\" height=\"550\" src=\"https:\/\/ferienhof-wachtelberg.de\/wp-content\/uploads\/2019\/07\/home.jpg\" class=\"image wp-image-87  attachment-full size-full\" alt=\"Ferienhof Wachtelberg\" decoding=\"async\" loading=\"lazy\" style=\"max-width: 100%; height: auto;\" srcset=\"https:\/\/ferienhof-wachtelberg.de\/wp-content\/uploads\/2019\/07\/home.jpg 1200w, https:\/\/ferienhof-wachtelberg.de\/wp-content\/uploads\/2019\/07\/home-300x138.jpg 300w, https:\/\/ferienhof-wachtelberg.de\/wp-content\/uploads\/2019\/07\/home-768x352.jpg 768w, https:\/\/ferienhof-wachtelberg.de\/wp-content\/uploads\/2019\/07\/home-1024x469.jpg 1024w\" sizes=\"100vw\" \/><\/div><\/div><\/div><div id=\"pg-24-1\"  class=\"panel-grid panel-no-style\" ><div id=\"pgc-24-1-0\"  class=\"panel-grid-cell\" ><div id=\"panel-24-1-0-0\" class=\"so-panel widget widget_media_image panel-first-child panel-last-child\" data-index=\"1\" ><a href=\"\/?page_id=16\"><img width=\"600\" height=\"678\" src=\"https:\/\/ferienhof-wachtelberg.de\/wp-content\/uploads\/2020\/07\/home-seite.jpg\" class=\"image wp-image-600  attachment-full size-full\" alt=\"\" decoding=\"async\" loading=\"lazy\" style=\"max-width: 100%; height: auto;\" srcset=\"https:\/\/ferienhof-wachtelberg.de\/wp-content\/uploads\/2020\/07\/home-seite.jpg 600w, https:\/\/ferienhof-wachtelberg.de\/wp-content\/uploads\/2020\/07\/home-seite-265x300.jpg 265w\" sizes=\"100vw\" \/><\/a><\/div><\/div><div id=\"pgc-24-1-1\"  class=\"panel-grid-cell\" ><div class=\"panel-cell-style panel-cell-style-for-24-1-1\" ><div id=\"panel-24-1-1-0\" class=\"so-panel widget widget_sow-editor panel-first-child panel-last-child\" data-index=\"2\" ><div\n\t\t\t\n\t\t\tclass=\"so-widget-sow-editor so-widget-sow-editor-base\"\n\t\t\t\n\t\t>\n<div class=\"siteorigin-widget-tinymce textwidget\">\n\t<h1>Ferienhof Wachtelberg<\/h1>\n<p>F\u00fcr Menschen mit Kindern, Hund oder Handicap. Hier ist f\u00fcr jeden das Richtige dabei. Etwa 800m vom Strand liegt der Wachtelberg, leicht erh\u00f6ht, von B\u00e4umen eingefasst und bietet einen wundersch\u00f6nen Blick auf die Ostsee und die typische fehmaraner Feldlandschaft.<\/p>\n<p>Ein perfekter Ausgangspunkt f\u00fcr Radtouren, Sightseeing und ausgedehnte Strandbesuche.<\/p>\n<\/div>\n<\/div><\/div><\/div><\/div><\/div><div id=\"pg-24-2\"  class=\"panel-grid panel-no-style\" ><div id=\"pgc-24-2-0\"  class=\"panel-grid-cell\" ><div id=\"panel-24-2-0-0\" class=\"so-panel widget widget_media_image panel-first-child\" data-index=\"3\" ><img width=\"1200\" height=\"278\" src=\"https:\/\/ferienhof-wachtelberg.de\/wp-content\/uploads\/2020\/11\/home-freizeit-2020.jpg\" class=\"image wp-image-625  attachment-full size-full\" alt=\"\" decoding=\"async\" loading=\"lazy\" style=\"max-width: 100%; height: auto;\" srcset=\"https:\/\/ferienhof-wachtelberg.de\/wp-content\/uploads\/2020\/11\/home-freizeit-2020.jpg 1200w, https:\/\/ferienhof-wachtelberg.de\/wp-content\/uploads\/2020\/11\/home-freizeit-2020-300x70.jpg 300w, https:\/\/ferienhof-wachtelberg.de\/wp-content\/uploads\/2020\/11\/home-freizeit-2020-1024x237.jpg 1024w, https:\/\/ferienhof-wachtelberg.de\/wp-content\/uploads\/2020\/11\/home-freizeit-2020-768x178.jpg 768w\" sizes=\"100vw\" \/><\/div><div id=\"panel-24-2-0-1\" class=\"so-panel widget widget_media_image panel-last-child\" data-index=\"4\" ><img width=\"1200\" height=\"474\" src=\"https:\/\/ferienhof-wachtelberg.de\/wp-content\/uploads\/2019\/07\/home-footer.jpg\" class=\"image wp-image-94  attachment-full size-full\" alt=\"\" decoding=\"async\" loading=\"lazy\" style=\"max-width: 100%; height: auto;\" srcset=\"https:\/\/ferienhof-wachtelberg.de\/wp-content\/uploads\/2019\/07\/home-footer.jpg 1200w, https:\/\/ferienhof-wachtelberg.de\/wp-content\/uploads\/2019\/07\/home-footer-300x119.jpg 300w, https:\/\/ferienhof-wachtelberg.de\/wp-content\/uploads\/2019\/07\/home-footer-768x303.jpg 768w, https:\/\/ferienhof-wachtelberg.de\/wp-content\/uploads\/2019\/07\/home-footer-1024x404.jpg 1024w\" sizes=\"100vw\" \/><\/div><\/div><\/div><\/div>","protected":false},"excerpt":{"rendered":"<p>Ferienhof Wachtelberg F\u00fcr Menschen mit Kindern, Hund oder Handicap. Hier ist f\u00fcr jeden das Richtige dabei. Etwa 800m vom Strand liegt der Wachtelberg, leicht erh\u00f6ht, von B\u00e4umen eingefasst und bietet einen wundersch\u00f6nen Blick auf die Ostsee und die typische fehmaraner Feldlandschaft. Ein perfekter Ausgangspunkt f\u00fcr Radtouren, Sightseeing und ausgedehnte Strandbesuche.<\/p>\n","protected":false},"author":1,"featured_media":0,"parent":0,"menu_order":0,"comment_status":"closed","ping_status":"closed","template":"","meta":[],"_links":{"self":[{"href":"https:\/\/ferienhof-wachtelberg.de\/index.php?rest_route=\/wp\/v2\/pages\/24"}],"collection":[{"href":"https:\/\/ferienhof-wachtelberg.de\/index.php?rest_route=\/wp\/v2\/pages"}],"about":[{"href":"https:\/\/ferienhof-wachtelberg.de\/index.php?rest_route=\/wp\/v2\/types\/page"}],"author":[{"embeddable":true,"href":"https:\/\/ferienhof-wachtelberg.de\/index.php?rest_route=\/wp\/v2\/users\/1"}],"replies":[{"embeddable":true,"href":"https:\/\/ferienhof-wachtelberg.de\/index.php?rest_route=%2Fwp%2Fv2%2Fcomments&post=24"}],"version-history":[{"count":67,"href":"https:\/\/ferienhof-wachtelberg.de\/index.php?rest_route=\/wp\/v2\/pages\/24\/revisions"}],"predecessor-version":[{"id":925,"href":"https:\/\/ferienhof-wachtelberg.de\/index.php?rest_route=\/wp\/v2\/pages\/24\/revisions\/925"}],"wp:attachment":[{"href":"https:\/\/ferienhof-wachtelberg.de\/index.php?rest_route=%2Fwp%2Fv2%2Fmedia&parent=24"}],"curies":[{"name":"wp","href":"https:\/\/api.w.org\/{rel}","templated":true}]}}