{"id":18,"date":"2019-07-15T22:28:43","date_gmt":"2019-07-15T20:28:43","guid":{"rendered":"http:\/\/corade.com\/ferienhof\/?page_id=18"},"modified":"2023-03-15T21:07:08","modified_gmt":"2023-03-15T20:07:08","slug":"umgebung","status":"publish","type":"page","link":"https:\/\/ferienhof-wachtelberg.de\/?page_id=18","title":{"rendered":"Umgebung"},"content":{"rendered":"<div id=\"pl-18\"  class=\"panel-layout\" ><div id=\"pg-18-0\"  class=\"panel-grid panel-no-style\" ><div id=\"pgc-18-0-0\"  class=\"panel-grid-cell\" ><div id=\"panel-18-0-0-0\" class=\"so-panel widget widget_media_image panel-first-child panel-last-child\" data-index=\"0\" ><img width=\"1200\" height=\"610\" src=\"https:\/\/ferienhof-wachtelberg.de\/wp-content\/uploads\/2020\/11\/strand-2020.jpg\" class=\"image wp-image-626  attachment-full size-full\" alt=\"\" decoding=\"async\" loading=\"lazy\" style=\"max-width: 100%; height: auto;\" srcset=\"https:\/\/ferienhof-wachtelberg.de\/wp-content\/uploads\/2020\/11\/strand-2020.jpg 1200w, https:\/\/ferienhof-wachtelberg.de\/wp-content\/uploads\/2020\/11\/strand-2020-300x153.jpg 300w, https:\/\/ferienhof-wachtelberg.de\/wp-content\/uploads\/2020\/11\/strand-2020-1024x521.jpg 1024w, https:\/\/ferienhof-wachtelberg.de\/wp-content\/uploads\/2020\/11\/strand-2020-768x390.jpg 768w\" sizes=\"100vw\" \/><\/div><\/div><\/div><div id=\"pg-18-1\"  class=\"panel-grid panel-no-style\" ><div id=\"pgc-18-1-0\"  class=\"panel-grid-cell\" ><div id=\"panel-18-1-0-0\" class=\"so-panel widget widget_sow-image panel-first-child panel-last-child\" data-index=\"1\" ><div\n\t\t\t\n\t\t\tclass=\"so-widget-sow-image so-widget-sow-image-default-8b5b6f678277-18\"\n\t\t\t\n\t\t>\n\n<div class=\"sow-image-container\">\n\t\t<img src=\"https:\/\/ferienhof-wachtelberg.de\/wp-content\/uploads\/2019\/08\/strand-seite.jpg\" width=\"600\" height=\"577\" srcset=\"https:\/\/ferienhof-wachtelberg.de\/wp-content\/uploads\/2019\/08\/strand-seite.jpg 600w, https:\/\/ferienhof-wachtelberg.de\/wp-content\/uploads\/2019\/08\/strand-seite-300x289.jpg 300w\" sizes=\"(max-width: 600px) 100vw, 600px\" alt=\"\" loading=\"lazy\" \t\tclass=\"so-widget-image\"\/>\n\t<\/div>\n\n<\/div><\/div><\/div><div id=\"pgc-18-1-1\"  class=\"panel-grid-cell\" ><div class=\"panel-cell-style panel-cell-style-for-18-1-1\" ><div id=\"panel-18-1-1-0\" class=\"so-panel widget widget_sow-editor panel-first-child panel-last-child\" data-index=\"2\" ><div\n\t\t\t\n\t\t\tclass=\"so-widget-sow-editor so-widget-sow-editor-base\"\n\t\t\t\n\t\t>\n<div class=\"siteorigin-widget-tinymce textwidget\">\n\t<h1>Strand<\/h1>\n<p>Unser Hausstrand ist fu\u00dfl\u00e4ufig in 10-15 Minuten zu erreichen. Der Strand ist teilweise steinig, aber nach wenigen Metern ins Wasser wird es seichter.<\/p>\n<p>Strandk\u00f6rbe gibt es dort keine, die stehen am S\u00fcdstrand, einem etwas belebterem Strand in ca. 10 Autominuten Entfernung.<\/p>\n<\/div>\n<\/div><\/div><\/div><\/div><\/div><div id=\"pg-18-2\"  class=\"panel-grid panel-no-style\" ><div id=\"pgc-18-2-0\"  class=\"panel-grid-cell\" ><div class=\"panel-cell-style panel-cell-style-for-18-2-0\" ><div id=\"panel-18-2-0-0\" class=\"so-panel widget widget_sow-editor panel-first-child\" data-index=\"3\" ><div\n\t\t\t\n\t\t\tclass=\"so-widget-sow-editor so-widget-sow-editor-base\"\n\t\t\t\n\t\t>\n<div class=\"siteorigin-widget-tinymce textwidget\">\n\t<h1>Fahrrad Verleih<\/h1>\n<p>Ihr k\u00f6nnt euch beim Team von Sunny Bike Fehmarn Fahrr\u00e4der leihen.<\/p>\n<p><a href=\"http:\/\/www.sunny.bike\">www.sunny.bike<\/a><\/p>\n<p>Die neuste Generation GAINT Mountainbikes, Tourenr\u00e4der, Kinder E-Bikes und Lastenr\u00e4der von BABBOE stehen hier bereit.<\/p>\n<p>Helme und Schl\u00f6sser sind im Mietpreis enthalten. Solltet ihr eine Panne haben, kommt ein Service-Wagen von Sunny Bikes und hilft euch umgehend.<\/p>\n<p>Die R\u00e4der werden auf den Wachtelberg geliefert und abgeholt oder ihr holt euch die R\u00e4der direkt in einem der drei Standorte ab.<\/p>\n<\/div>\n<\/div><\/div><div id=\"panel-18-2-0-1\" class=\"so-panel widget widget_sow-editor\" data-index=\"4\" ><div\n\t\t\t\n\t\t\tclass=\"so-widget-sow-editor so-widget-sow-editor-base\"\n\t\t\t\n\t\t>\n<div class=\"siteorigin-widget-tinymce textwidget\">\n\t<h1>Beliebte Ziele<\/h1>\n<p>Was ihr euch unbedingt anschauen solltet:<\/p>\n<ul>\n<li>Die Kiter in Gold \/ Altenteil oder Wulfen<\/li>\n<li>Den Leuchtturm in Fl\u00fcgge<\/li>\n<li>Der S\u00fcdstrand<\/li>\n<li>Der Strand in Meeschendorf<\/li>\n<li>Das Schwimmbad FehMare<\/li>\n<li>Man sollte auf jeden Fall mit dem Rad die Insel einmal umrunden<\/li>\n<li>Siloclimbing in Burgstaaken<\/li>\n<\/ul>\n<\/div>\n<\/div><\/div><div id=\"panel-18-2-0-2\" class=\"so-panel widget widget_sow-editor panel-last-child\" data-index=\"5\" ><div\n\t\t\t\n\t\t\tclass=\"so-widget-sow-editor so-widget-sow-editor-base\"\n\t\t\t\n\t\t>\n<div class=\"siteorigin-widget-tinymce textwidget\">\n\t<h1>Burg<\/h1>\n<p>Die Stadt Burg auf Fehmarn ist ca. 10 Autominuten vom Hof entfernt. Hier gibt es u.a. alle bekannten Superm\u00e4rkte, die in der Saison 7 Tage die Woche f\u00fcr euch ge\u00f6ffnet haben. Auf dem Rathausplatz sind ganzj\u00e4hrig unterschiedlichste Aktionen f\u00fcr alt und jung zu sehen (z.Bsp. Mittelaltermarkt, Jahrmarkt Kunsthandwerkmarkt). Es gibt hier zahlreiche Restaurants welche sich in der Saison \u00fcber eine Reservierung freuen.<\/p>\n<\/div>\n<\/div><\/div><\/div><\/div><\/div><div id=\"pg-18-3\"  class=\"panel-grid panel-no-style\" ><div id=\"pgc-18-3-0\"  class=\"panel-grid-cell\" ><div id=\"panel-18-3-0-0\" class=\"so-panel widget widget_media_image panel-first-child panel-last-child\" data-index=\"6\" ><img width=\"1200\" height=\"565\" src=\"https:\/\/ferienhof-wachtelberg.de\/wp-content\/uploads\/2020\/11\/strand-footer-2020.jpg\" class=\"image wp-image-627  attachment-full size-full\" alt=\"\" decoding=\"async\" loading=\"lazy\" style=\"max-width: 100%; height: auto;\" srcset=\"https:\/\/ferienhof-wachtelberg.de\/wp-content\/uploads\/2020\/11\/strand-footer-2020.jpg 1200w, https:\/\/ferienhof-wachtelberg.de\/wp-content\/uploads\/2020\/11\/strand-footer-2020-300x141.jpg 300w, https:\/\/ferienhof-wachtelberg.de\/wp-content\/uploads\/2020\/11\/strand-footer-2020-1024x482.jpg 1024w, https:\/\/ferienhof-wachtelberg.de\/wp-content\/uploads\/2020\/11\/strand-footer-2020-768x362.jpg 768w\" sizes=\"100vw\" \/><\/div><\/div><\/div><\/div>","protected":false},"excerpt":{"rendered":"<p>Strand Unser Hausstrand ist fu\u00dfl\u00e4ufig in 10-15 Minuten zu erreichen. Der Strand ist teilweise steinig, aber nach wenigen Metern ins Wasser wird es seichter. Strandk\u00f6rbe gibt es dort keine, die stehen am S\u00fcdstrand, einem etwas belebterem Strand in ca. 10 Autominuten Entfernung.<\/p>\n","protected":false},"author":1,"featured_media":0,"parent":0,"menu_order":3,"comment_status":"closed","ping_status":"closed","template":"","meta":[],"_links":{"self":[{"href":"https:\/\/ferienhof-wachtelberg.de\/index.php?rest_route=\/wp\/v2\/pages\/18"}],"collection":[{"href":"https:\/\/ferienhof-wachtelberg.de\/index.php?rest_route=\/wp\/v2\/pages"}],"about":[{"href":"https:\/\/ferienhof-wachtelberg.de\/index.php?rest_route=\/wp\/v2\/types\/page"}],"author":[{"embeddable":true,"href":"https:\/\/ferienhof-wachtelberg.de\/index.php?rest_route=\/wp\/v2\/users\/1"}],"replies":[{"embeddable":true,"href":"https:\/\/ferienhof-wachtelberg.de\/index.php?rest_route=%2Fwp%2Fv2%2Fcomments&post=18"}],"version-history":[{"count":44,"href":"https:\/\/ferienhof-wachtelberg.de\/index.php?rest_route=\/wp\/v2\/pages\/18\/revisions"}],"predecessor-version":[{"id":280,"href":"https:\/\/ferienhof-wachtelberg.de\/index.php?rest_route=\/wp\/v2\/pages\/18\/revisions\/280"}],"wp:attachment":[{"href":"https:\/\/ferienhof-wachtelberg.de\/index.php?rest_route=%2Fwp%2Fv2%2Fmedia&parent=18"}],"curies":[{"name":"wp","href":"https:\/\/api.w.org\/{rel}","templated":true}]}}